{"id":82205,"date":"2020-09-08T14:51:12","date_gmt":"2020-09-08T12:51:12","guid":{"rendered":"https:\/\/tilefly.com\/producto\/azulejo-porcelanico-dover-silver-natural-90x180\/"},"modified":"2025-07-17T10:52:19","modified_gmt":"2025-07-17T08:52:19","slug":"azulejo-porcelanico-dover-silver-natural-90x180","status":"publish","type":"product","link":"https:\/\/tilefly.com\/nl\/product\/azulejo-porcelanico-dover-silver-natural-90x180\/","title":{"rendered":"DOVER SILVER NATURAL 90X180"},"content":{"rendered":"<p>Porcel\u00e1nico esmaltado natural<\/p><p>La serie Dover imita la superficie del cemento con magn\u00edficos matices acerc\u00e1ndose a la perfecci\u00f3n a la reproducci\u00f3n de este material.<\/p><p>Esta colecci\u00f3n es perfecta para dotar a los espacios de continuidad. Una colecci\u00f3n que se define por su pureza y atemporalidad. Con ella los colores se mezclan y coordinan a la perfecci\u00f3n para crear espacios c\u00e1lidos y perfectos para las necesidades de los nuevos estilos de vida. Por sus caracter\u00edsticas de dise\u00f1o y materiales, son azulejos muy vers\u00e1tiles que pueden aplicarse en interiores, pero tambi\u00e9n en exteriores. Espec\u00edficamente, esta serie tiene en el formato 60&#215;60 un producto espesorado de 20mm especial para todo tipo de suelos exteriores. Esta colecci\u00f3n tambi\u00e9n dispone de azulejos de gran formato (120X120 y 90X180).<\/p>","protected":false},"excerpt":{"rendered":"<p>Porcel\u00e1nico esmaltado naturalLa serie Dover imita la superficie del cemento con magn\u00edficos matices acerc\u00e1ndose a la perfecci\u00f3n a la reproducci\u00f3n de este material.Esta colecci\u00f3n es perfecta para dotar a los espacios de continuidad. Una colecci\u00f3n que se define por su pureza y atemporalidad. Con ella los colores se mezclan y coordinan a la perfecci\u00f3n para [&hellip;]<\/p>\n","protected":false},"featured_media":82302,"comment_status":"open","ping_status":"closed","template":"","meta":[],"product_brand":[],"product_cat":[566],"product_tag":[],"class_list":{"0":"post-82205","1":"product","2":"type-product","3":"status-publish","4":"has-post-thumbnail","6":"product_cat-ongecategoriseerd","8":"first","9":"outofstock","10":"shipping-taxable","11":"purchasable","12":"product-type-simple"},"_links":{"self":[{"href":"https:\/\/tilefly.com\/nl\/wp-json\/wp\/v2\/product\/82205","targetHints":{"allow":["GET"]}}],"collection":[{"href":"https:\/\/tilefly.com\/nl\/wp-json\/wp\/v2\/product"}],"about":[{"href":"https:\/\/tilefly.com\/nl\/wp-json\/wp\/v2\/types\/product"}],"replies":[{"embeddable":true,"href":"https:\/\/tilefly.com\/nl\/wp-json\/wp\/v2\/comments?post=82205"}],"wp:featuredmedia":[{"embeddable":true,"href":"https:\/\/tilefly.com\/nl\/wp-json\/wp\/v2\/media\/82302"}],"wp:attachment":[{"href":"https:\/\/tilefly.com\/nl\/wp-json\/wp\/v2\/media?parent=82205"}],"wp:term":[{"taxonomy":"product_brand","embeddable":true,"href":"https:\/\/tilefly.com\/nl\/wp-json\/wp\/v2\/product_brand?post=82205"},{"taxonomy":"product_cat","embeddable":true,"href":"https:\/\/tilefly.com\/nl\/wp-json\/wp\/v2\/product_cat?post=82205"},{"taxonomy":"product_tag","embeddable":true,"href":"https:\/\/tilefly.com\/nl\/wp-json\/wp\/v2\/product_tag?post=82205"}],"curies":[{"name":"wp","href":"https:\/\/api.w.org\/{rel}","templated":true}]}}