{"id":82190,"date":"2020-09-08T14:51:12","date_gmt":"2020-09-08T12:51:12","guid":{"rendered":"https:\/\/tilefly.com\/producto\/azulejo-porcelanico-super-negro-monocolor-natural-80x80\/"},"modified":"2025-07-23T16:32:51","modified_gmt":"2025-07-23T14:32:51","slug":"azulejo-porcelanico-super-negro-monocolor-natural-80x80","status":"publish","type":"product","link":"https:\/\/tilefly.com\/nl\/product\/azulejo-porcelanico-super-negro-monocolor-natural-80x80\/","title":{"rendered":"SUPER NEGRO PORC. MONOCOLOR NATURAL 80X80"},"content":{"rendered":"<p>Porcel\u00e1nico t\u00e9cnico<\/p><p>Colecci\u00f3n de azulejos de colores s\u00f3lidos en donde sus caracter\u00edsticas t\u00e9cnicas son el principal protagonista.<\/p><p>Assoluto es una serie acrom\u00e1tica en donde la est\u00e9tica deja paso a la resistencia y grandes prestaciones del producto. Serie presentada en cuatro colores s\u00f3lidos fabricados con la t\u00e9cnica de todo masa o doble carga. De esta manera, esta serie se convierte en id\u00f3nea para superficies con extrema afluencia, como pueden ser locales comerciales. La resistencia de esta serie la hace id\u00f3nea para muchos m\u00e1s usos que los materiales porcel\u00e1nicos esmaltados. Adem\u00e1s, se complementa con 4 l\u00edneas de mosaicos y decoraciones, muchas de ellas acompa\u00f1adas de vidrio que rompen con el mono cromatismo de la serie.<\/p>","protected":false},"excerpt":{"rendered":"<p>Porcel\u00e1nico t\u00e9cnicoColecci\u00f3n de azulejos de colores s\u00f3lidos en donde sus caracter\u00edsticas t\u00e9cnicas son el principal protagonista.Assoluto es una serie acrom\u00e1tica en donde la est\u00e9tica deja paso a la resistencia y grandes prestaciones del producto. Serie presentada en cuatro colores s\u00f3lidos fabricados con la t\u00e9cnica de todo masa o doble carga. De esta manera, esta serie [&hellip;]<\/p>\n","protected":false},"featured_media":82192,"comment_status":"open","ping_status":"closed","template":"","meta":[],"product_brand":[],"product_cat":[461],"product_tag":[],"class_list":{"0":"post-82190","1":"product","2":"type-product","3":"status-publish","4":"has-post-thumbnail","6":"product_cat-uncategorised","8":"first","9":"outofstock","10":"shipping-taxable","11":"purchasable","12":"product-type-simple"},"_links":{"self":[{"href":"https:\/\/tilefly.com\/nl\/wp-json\/wp\/v2\/product\/82190","targetHints":{"allow":["GET"]}}],"collection":[{"href":"https:\/\/tilefly.com\/nl\/wp-json\/wp\/v2\/product"}],"about":[{"href":"https:\/\/tilefly.com\/nl\/wp-json\/wp\/v2\/types\/product"}],"replies":[{"embeddable":true,"href":"https:\/\/tilefly.com\/nl\/wp-json\/wp\/v2\/comments?post=82190"}],"wp:featuredmedia":[{"embeddable":true,"href":"https:\/\/tilefly.com\/nl\/wp-json\/wp\/v2\/media\/82192"}],"wp:attachment":[{"href":"https:\/\/tilefly.com\/nl\/wp-json\/wp\/v2\/media?parent=82190"}],"wp:term":[{"taxonomy":"product_brand","embeddable":true,"href":"https:\/\/tilefly.com\/nl\/wp-json\/wp\/v2\/product_brand?post=82190"},{"taxonomy":"product_cat","embeddable":true,"href":"https:\/\/tilefly.com\/nl\/wp-json\/wp\/v2\/product_cat?post=82190"},{"taxonomy":"product_tag","embeddable":true,"href":"https:\/\/tilefly.com\/nl\/wp-json\/wp\/v2\/product_tag?post=82190"}],"curies":[{"name":"wp","href":"https:\/\/api.w.org\/{rel}","templated":true}]}}