{"id":65674,"date":"2019-09-13T14:17:08","date_gmt":"2019-09-13T12:17:08","guid":{"rendered":"https:\/\/tilefly.com\/producto\/imitacion-piedra-hidraulicos-porcelanico-baldosas-revestimiento-banos-salon-cocina-cara034962\/"},"modified":"2025-12-15T14:23:41","modified_gmt":"2025-12-15T13:23:41","slug":"imitacion-piedra-hidraulicos-porcelanico-baldosas-revestimiento-banos-salon-cocina-cara034962","status":"publish","type":"product","link":"https:\/\/tilefly.com\/nl\/product\/imitacion-piedra-hidraulicos-porcelanico-baldosas-revestimiento-banos-salon-cocina-cara034962\/","title":{"rendered":"TRENDY MIX 20X20"},"content":{"rendered":"<h1><strong>Azulejo Porcel\u00e1nico TRENDY MIX 20X20<\/strong><\/h1><p>Este azulejo Porcel\u00e1nico en formato 20X20 cm, acabado Mate y color  es perfecto para tu hogar. Su material de fabricaci\u00f3n es Porcel\u00e1nico.<\/p><p>Caracter\u00edsticas especiales: Hidraulico, Imitaci\u00f3n piedra<\/p>","protected":false},"excerpt":{"rendered":"<p>Azulejo Porcel\u00e1nico TRENDY MIX 20X20Este azulejo Porcel\u00e1nico en formato 20X20 cm, acabado Mate y color es perfecto para tu hogar. Su material de fabricaci\u00f3n es Porcel\u00e1nico.Caracter\u00edsticas especiales: Hidraulico, Imitaci\u00f3n piedra<\/p>\n","protected":false},"featured_media":65675,"comment_status":"closed","ping_status":"closed","template":"","meta":[],"product_brand":[],"product_cat":[303,305,306,304,307],"product_tag":[],"class_list":{"0":"post-65674","1":"product","2":"type-product","3":"status-publish","4":"has-post-thumbnail","6":"product_cat-baldosas","7":"product_cat-banos","8":"product_cat-cocina","9":"product_cat-revestimiento","10":"product_cat-salon","12":"first","13":"instock","14":"shipping-taxable","15":"purchasable","16":"product-type-simple"},"_links":{"self":[{"href":"https:\/\/tilefly.com\/nl\/wp-json\/wp\/v2\/product\/65674","targetHints":{"allow":["GET"]}}],"collection":[{"href":"https:\/\/tilefly.com\/nl\/wp-json\/wp\/v2\/product"}],"about":[{"href":"https:\/\/tilefly.com\/nl\/wp-json\/wp\/v2\/types\/product"}],"replies":[{"embeddable":true,"href":"https:\/\/tilefly.com\/nl\/wp-json\/wp\/v2\/comments?post=65674"}],"wp:featuredmedia":[{"embeddable":true,"href":"https:\/\/tilefly.com\/nl\/wp-json\/wp\/v2\/media\/65675"}],"wp:attachment":[{"href":"https:\/\/tilefly.com\/nl\/wp-json\/wp\/v2\/media?parent=65674"}],"wp:term":[{"taxonomy":"product_brand","embeddable":true,"href":"https:\/\/tilefly.com\/nl\/wp-json\/wp\/v2\/product_brand?post=65674"},{"taxonomy":"product_cat","embeddable":true,"href":"https:\/\/tilefly.com\/nl\/wp-json\/wp\/v2\/product_cat?post=65674"},{"taxonomy":"product_tag","embeddable":true,"href":"https:\/\/tilefly.com\/nl\/wp-json\/wp\/v2\/product_tag?post=65674"}],"curies":[{"name":"wp","href":"https:\/\/api.w.org\/{rel}","templated":true}]}}