{"id":65584,"date":"2019-09-13T14:17:08","date_gmt":"2019-09-13T12:17:08","guid":{"rendered":"https:\/\/tilefly.com\/producto\/decorado-mosaicos-imitacion-marmol-imitacion-piedra-pasta-blanca-revestimiento-banos-salon-cocina-cara034617\/"},"modified":"2025-10-29T09:11:08","modified_gmt":"2025-10-29T08:11:08","slug":"decorado-mosaicos-imitacion-marmol-imitacion-piedra-pasta-blanca-revestimiento-banos-salon-cocina-cara034617","status":"publish","type":"product","link":"https:\/\/tilefly.com\/nl\/product\/decorado-mosaicos-imitacion-marmol-imitacion-piedra-pasta-blanca-revestimiento-banos-salon-cocina-cara034617\/","title":{"rendered":"MARS WHITE 7,5X30"},"content":{"rendered":"<h1><strong>Azulejo Pasta Blanca MARS WHITE 7,5X30<\/strong><\/h1><p>Este azulejo Pasta Blanca en formato 7,5X30 cm, acabado Mate y color Blanco es perfecto para tu hogar. Su material de fabricaci\u00f3n es Pasta Blanca.<\/p><p>Caracter\u00edsticas especiales: Decorado, Imitaci\u00f3n m\u00e1rmol, Imitaci\u00f3n piedra, Mosaicos<\/p>","protected":false},"excerpt":{"rendered":"<p>Azulejo Pasta Blanca MARS WHITE 7,5X30Este azulejo Pasta Blanca en formato 7,5X30 cm, acabado Mate y color Blanco es perfecto para tu hogar. Su material de fabricaci\u00f3n es Pasta Blanca.Caracter\u00edsticas especiales: Decorado, Imitaci\u00f3n m\u00e1rmol, Imitaci\u00f3n piedra, Mosaicos<\/p>\n","protected":false},"featured_media":65585,"comment_status":"closed","ping_status":"closed","template":"","meta":[],"product_brand":[],"product_cat":[457,458,459,460],"product_tag":[],"class_list":{"0":"post-65584","1":"product","2":"type-product","3":"status-publish","4":"has-post-thumbnail","6":"product_cat-badezimmer","7":"product_cat-kuchen","8":"product_cat-wandfliesen","9":"product_cat-bodenfliesen","11":"first","12":"instock","13":"shipping-taxable","14":"purchasable","15":"product-type-simple"},"_links":{"self":[{"href":"https:\/\/tilefly.com\/nl\/wp-json\/wp\/v2\/product\/65584","targetHints":{"allow":["GET"]}}],"collection":[{"href":"https:\/\/tilefly.com\/nl\/wp-json\/wp\/v2\/product"}],"about":[{"href":"https:\/\/tilefly.com\/nl\/wp-json\/wp\/v2\/types\/product"}],"replies":[{"embeddable":true,"href":"https:\/\/tilefly.com\/nl\/wp-json\/wp\/v2\/comments?post=65584"}],"wp:featuredmedia":[{"embeddable":true,"href":"https:\/\/tilefly.com\/nl\/wp-json\/wp\/v2\/media\/65585"}],"wp:attachment":[{"href":"https:\/\/tilefly.com\/nl\/wp-json\/wp\/v2\/media?parent=65584"}],"wp:term":[{"taxonomy":"product_brand","embeddable":true,"href":"https:\/\/tilefly.com\/nl\/wp-json\/wp\/v2\/product_brand?post=65584"},{"taxonomy":"product_cat","embeddable":true,"href":"https:\/\/tilefly.com\/nl\/wp-json\/wp\/v2\/product_cat?post=65584"},{"taxonomy":"product_tag","embeddable":true,"href":"https:\/\/tilefly.com\/nl\/wp-json\/wp\/v2\/product_tag?post=65584"}],"curies":[{"name":"wp","href":"https:\/\/api.w.org\/{rel}","templated":true}]}}