{"id":65030,"date":"2019-09-13T14:07:12","date_gmt":"2019-09-13T12:07:12","guid":{"rendered":"https:\/\/tilefly.com\/producto\/imitacion-madera-porcelanico-baldosas-revestimiento-banos-salon-cocina-cara027410\/"},"modified":"2025-05-27T23:26:12","modified_gmt":"2025-05-27T21:26:12","slug":"imitacion-madera-porcelanico-baldosas-revestimiento-banos-salon-cocina-cara027410","status":"publish","type":"product","link":"https:\/\/tilefly.com\/nl\/product\/imitacion-madera-porcelanico-baldosas-revestimiento-banos-salon-cocina-cara027410\/","title":{"rendered":"CHEVRON WONDERWOOD NATURAL A 9,8X46,5"},"content":{"rendered":"<h1><strong>Azulejo Porcel\u00e1nico CHEVRON WONDERWOOD NATURAL A 9,8X46,5<\/strong><\/h1><p>Este azulejo Porcel\u00e1nico en formato  cm, acabado Mate y color Gris, Marr\u00f3n es perfecto para tu hogar. Su material de fabricaci\u00f3n es Porcel\u00e1nico.<\/p><p>Caracter\u00edsticas especiales: Imitaci\u00f3n madera<\/p>","protected":false},"excerpt":{"rendered":"<p>Azulejo Porcel\u00e1nico CHEVRON WONDERWOOD NATURAL A 9,8X46,5Este azulejo Porcel\u00e1nico en formato cm, acabado Mate y color Gris, Marr\u00f3n es perfecto para tu hogar. Su material de fabricaci\u00f3n es Porcel\u00e1nico.Caracter\u00edsticas especiales: Imitaci\u00f3n madera<\/p>\n","protected":false},"featured_media":65031,"comment_status":"closed","ping_status":"closed","template":"","meta":[],"product_brand":[],"product_cat":[456,457,458,459,460],"product_tag":[],"class_list":{"0":"post-65030","1":"product","2":"type-product","3":"status-publish","4":"has-post-thumbnail","6":"product_cat-vohnzimmer","7":"product_cat-badezimmer","8":"product_cat-kuchen","9":"product_cat-wandfliesen","10":"product_cat-bodenfliesen","12":"first","13":"outofstock","14":"shipping-taxable","15":"purchasable","16":"product-type-simple"},"_links":{"self":[{"href":"https:\/\/tilefly.com\/nl\/wp-json\/wp\/v2\/product\/65030","targetHints":{"allow":["GET"]}}],"collection":[{"href":"https:\/\/tilefly.com\/nl\/wp-json\/wp\/v2\/product"}],"about":[{"href":"https:\/\/tilefly.com\/nl\/wp-json\/wp\/v2\/types\/product"}],"replies":[{"embeddable":true,"href":"https:\/\/tilefly.com\/nl\/wp-json\/wp\/v2\/comments?post=65030"}],"wp:featuredmedia":[{"embeddable":true,"href":"https:\/\/tilefly.com\/nl\/wp-json\/wp\/v2\/media\/65031"}],"wp:attachment":[{"href":"https:\/\/tilefly.com\/nl\/wp-json\/wp\/v2\/media?parent=65030"}],"wp:term":[{"taxonomy":"product_brand","embeddable":true,"href":"https:\/\/tilefly.com\/nl\/wp-json\/wp\/v2\/product_brand?post=65030"},{"taxonomy":"product_cat","embeddable":true,"href":"https:\/\/tilefly.com\/nl\/wp-json\/wp\/v2\/product_cat?post=65030"},{"taxonomy":"product_tag","embeddable":true,"href":"https:\/\/tilefly.com\/nl\/wp-json\/wp\/v2\/product_tag?post=65030"}],"curies":[{"name":"wp","href":"https:\/\/api.w.org\/{rel}","templated":true}]}}