{"id":64264,"date":"2019-09-13T13:17:30","date_gmt":"2019-09-13T11:17:30","guid":{"rendered":"https:\/\/tilefly.com\/producto\/decorado-metro-pasta-blanca-revestimiento-banos-salon-cocina-cara018232\/"},"modified":"2025-10-29T09:09:14","modified_gmt":"2025-10-29T08:09:14","slug":"decorado-metro-pasta-blanca-revestimiento-banos-salon-cocina-cara018232","status":"publish","type":"product","link":"https:\/\/tilefly.com\/nl\/product\/decorado-metro-pasta-blanca-revestimiento-banos-salon-cocina-cara018232\/","title":{"rendered":"VINTAGE NATURAL 7,5X30"},"content":{"rendered":"<h1><strong>Azulejo Pasta Blanca VINTAGE NATURAL 7,5X30<\/strong><\/h1><p>Este azulejo Pasta Blanca en formato 7,5X30 cm, acabado Brillo y color Marr\u00f3n es perfecto para tu hogar. Su material de fabricaci\u00f3n es Pasta Blanca.<\/p><p>Caracter\u00edsticas especiales: Decorado, Metro<\/p>","protected":false},"excerpt":{"rendered":"<p>Azulejo Pasta Blanca VINTAGE NATURAL 7,5X30Este azulejo Pasta Blanca en formato 7,5X30 cm, acabado Brillo y color Marr\u00f3n es perfecto para tu hogar. Su material de fabricaci\u00f3n es Pasta Blanca.Caracter\u00edsticas especiales: Decorado, Metro<\/p>\n","protected":false},"featured_media":64265,"comment_status":"closed","ping_status":"closed","template":"","meta":[],"product_brand":[],"product_cat":[847,848,827,866],"product_tag":[],"class_list":{"0":"post-64264","1":"product","2":"type-product","3":"status-publish","4":"has-post-thumbnail","6":"product_cat-bagni","7":"product_cat-cucine","8":"product_cat-rivestimento","9":"product_cat-salotto","11":"first","12":"instock","13":"shipping-taxable","14":"purchasable","15":"product-type-simple"},"_links":{"self":[{"href":"https:\/\/tilefly.com\/nl\/wp-json\/wp\/v2\/product\/64264","targetHints":{"allow":["GET"]}}],"collection":[{"href":"https:\/\/tilefly.com\/nl\/wp-json\/wp\/v2\/product"}],"about":[{"href":"https:\/\/tilefly.com\/nl\/wp-json\/wp\/v2\/types\/product"}],"replies":[{"embeddable":true,"href":"https:\/\/tilefly.com\/nl\/wp-json\/wp\/v2\/comments?post=64264"}],"wp:featuredmedia":[{"embeddable":true,"href":"https:\/\/tilefly.com\/nl\/wp-json\/wp\/v2\/media\/64265"}],"wp:attachment":[{"href":"https:\/\/tilefly.com\/nl\/wp-json\/wp\/v2\/media?parent=64264"}],"wp:term":[{"taxonomy":"product_brand","embeddable":true,"href":"https:\/\/tilefly.com\/nl\/wp-json\/wp\/v2\/product_brand?post=64264"},{"taxonomy":"product_cat","embeddable":true,"href":"https:\/\/tilefly.com\/nl\/wp-json\/wp\/v2\/product_cat?post=64264"},{"taxonomy":"product_tag","embeddable":true,"href":"https:\/\/tilefly.com\/nl\/wp-json\/wp\/v2\/product_tag?post=64264"}],"curies":[{"name":"wp","href":"https:\/\/api.w.org\/{rel}","templated":true}]}}