{"id":63566,"date":"2019-09-13T13:09:24","date_gmt":"2019-09-13T11:09:24","guid":{"rendered":"https:\/\/tilefly.com\/producto\/decorado-imitacion-cemento-pasta-blanca-revestimiento-banos-salon-cocina-apa034560\/"},"modified":"2025-10-29T08:41:21","modified_gmt":"2025-10-29T07:41:21","slug":"decorado-imitacion-cemento-pasta-blanca-revestimiento-banos-salon-cocina-apa034560","status":"publish","type":"product","link":"https:\/\/tilefly.com\/nl\/product\/decorado-imitacion-cemento-pasta-blanca-revestimiento-banos-salon-cocina-apa034560\/","title":{"rendered":"TWIST PEARL RECT, 40X120"},"content":{"rendered":"<h1><strong>Azulejo Pasta Blanca TWIST PEARL RECT, 40X120<\/strong><\/h1><p>Este azulejo Pasta Blanca en formato 40X120 cm, acabado Mate y color Blanco es perfecto para tu hogar. Su material de fabricaci\u00f3n es Pasta Blanca.<\/p><p>Caracter\u00edsticas especiales: Decorado, Imitaci\u00f3n cemento<\/p>","protected":false},"excerpt":{"rendered":"<p>Azulejo Pasta Blanca TWIST PEARL RECT, 40X120Este azulejo Pasta Blanca en formato 40X120 cm, acabado Mate y color Blanco es perfecto para tu hogar. Su material de fabricaci\u00f3n es Pasta Blanca.Caracter\u00edsticas especiales: Decorado, Imitaci\u00f3n cemento<\/p>\n","protected":false},"featured_media":63567,"comment_status":"closed","ping_status":"closed","template":"","meta":[],"product_brand":[],"product_cat":[358],"product_tag":[],"class_list":{"0":"post-63566","1":"product","2":"type-product","3":"status-publish","4":"has-post-thumbnail","6":"product_cat-non-categorise","8":"first","9":"outofstock","10":"shipping-taxable","11":"purchasable","12":"product-type-simple"},"_links":{"self":[{"href":"https:\/\/tilefly.com\/nl\/wp-json\/wp\/v2\/product\/63566","targetHints":{"allow":["GET"]}}],"collection":[{"href":"https:\/\/tilefly.com\/nl\/wp-json\/wp\/v2\/product"}],"about":[{"href":"https:\/\/tilefly.com\/nl\/wp-json\/wp\/v2\/types\/product"}],"replies":[{"embeddable":true,"href":"https:\/\/tilefly.com\/nl\/wp-json\/wp\/v2\/comments?post=63566"}],"wp:featuredmedia":[{"embeddable":true,"href":"https:\/\/tilefly.com\/nl\/wp-json\/wp\/v2\/media\/63567"}],"wp:attachment":[{"href":"https:\/\/tilefly.com\/nl\/wp-json\/wp\/v2\/media?parent=63566"}],"wp:term":[{"taxonomy":"product_brand","embeddable":true,"href":"https:\/\/tilefly.com\/nl\/wp-json\/wp\/v2\/product_brand?post=63566"},{"taxonomy":"product_cat","embeddable":true,"href":"https:\/\/tilefly.com\/nl\/wp-json\/wp\/v2\/product_cat?post=63566"},{"taxonomy":"product_tag","embeddable":true,"href":"https:\/\/tilefly.com\/nl\/wp-json\/wp\/v2\/product_tag?post=63566"}],"curies":[{"name":"wp","href":"https:\/\/api.w.org\/{rel}","templated":true}]}}