{"id":61901,"date":"2019-09-13T12:24:06","date_gmt":"2019-09-13T10:24:06","guid":{"rendered":"https:\/\/tilefly.com\/producto\/decorado-imitacion-marmol-imitacion-piedra-pasta-blanca-revestimiento-banos-salon-cocina-apa027820\/"},"modified":"2024-05-06T03:01:04","modified_gmt":"2024-05-06T01:01:04","slug":"decorado-imitacion-marmol-imitacion-piedra-pasta-blanca-revestimiento-banos-salon-cocina-apa027820","status":"publish","type":"product","link":"https:\/\/tilefly.com\/nl\/product\/decorado-imitacion-marmol-imitacion-piedra-pasta-blanca-revestimiento-banos-salon-cocina-apa027820\/","title":{"rendered":"VIBRANT CREAM RECT, 40X120"},"content":{"rendered":"<h1><strong>Azulejo Pasta Blanca VIBRANT CREAM RECT, 40X120<\/strong><\/h1><p>Este azulejo Pasta Blanca en formato 40X120 cm, acabado Mate y color  es perfecto para tu hogar. Su material de fabricaci\u00f3n es Pasta Blanca.<\/p><p>Caracter\u00edsticas especiales: Decorado, Imitaci\u00f3n m\u00e1rmol, Imitaci\u00f3n piedra<\/p>","protected":false},"excerpt":{"rendered":"<p>Azulejo Pasta Blanca VIBRANT CREAM RECT, 40X120Este azulejo Pasta Blanca en formato 40X120 cm, acabado Mate y color es perfecto para tu hogar. Su material de fabricaci\u00f3n es Pasta Blanca.Caracter\u00edsticas especiales: Decorado, Imitaci\u00f3n m\u00e1rmol, Imitaci\u00f3n piedra<\/p>\n","protected":false},"featured_media":61902,"comment_status":"closed","ping_status":"closed","template":"","meta":[],"product_brand":[],"product_cat":[562,563,564,565],"product_tag":[],"class_list":{"0":"post-61901","1":"product","2":"type-product","3":"status-publish","4":"has-post-thumbnail","6":"product_cat-badkamer-tegels","7":"product_cat-keuken-tegel","8":"product_cat-wandtegels","9":"product_cat-woonkamer-tegels","11":"first","12":"outofstock","13":"shipping-taxable","14":"purchasable","15":"product-type-simple"},"_links":{"self":[{"href":"https:\/\/tilefly.com\/nl\/wp-json\/wp\/v2\/product\/61901","targetHints":{"allow":["GET"]}}],"collection":[{"href":"https:\/\/tilefly.com\/nl\/wp-json\/wp\/v2\/product"}],"about":[{"href":"https:\/\/tilefly.com\/nl\/wp-json\/wp\/v2\/types\/product"}],"replies":[{"embeddable":true,"href":"https:\/\/tilefly.com\/nl\/wp-json\/wp\/v2\/comments?post=61901"}],"wp:featuredmedia":[{"embeddable":true,"href":"https:\/\/tilefly.com\/nl\/wp-json\/wp\/v2\/media\/61902"}],"wp:attachment":[{"href":"https:\/\/tilefly.com\/nl\/wp-json\/wp\/v2\/media?parent=61901"}],"wp:term":[{"taxonomy":"product_brand","embeddable":true,"href":"https:\/\/tilefly.com\/nl\/wp-json\/wp\/v2\/product_brand?post=61901"},{"taxonomy":"product_cat","embeddable":true,"href":"https:\/\/tilefly.com\/nl\/wp-json\/wp\/v2\/product_cat?post=61901"},{"taxonomy":"product_tag","embeddable":true,"href":"https:\/\/tilefly.com\/nl\/wp-json\/wp\/v2\/product_tag?post=61901"}],"curies":[{"name":"wp","href":"https:\/\/api.w.org\/{rel}","templated":true}]}}