{"id":61703,"date":"2019-09-13T12:19:00","date_gmt":"2019-09-13T10:19:00","guid":{"rendered":"https:\/\/tilefly.com\/producto\/imitacion-cemento-pasta-roja-baldosas-revestimiento-banos-salon-cocina-apa027380\/"},"modified":"2025-05-27T23:26:44","modified_gmt":"2025-05-27T21:26:44","slug":"imitacion-cemento-pasta-roja-baldosas-revestimiento-banos-salon-cocina-apa027380","status":"publish","type":"product","link":"https:\/\/tilefly.com\/nl\/product\/imitacion-cemento-pasta-roja-baldosas-revestimiento-banos-salon-cocina-apa027380\/","title":{"rendered":"BERNA IVORY 45X45"},"content":{"rendered":"<h1><strong>Azulejo Pasta Roja BERNA IVORY 45X45<\/strong><\/h1><p>Este azulejo Pasta Roja en formato  cm, acabado Mate y color Gris es perfecto para tu hogar. Su material de fabricaci\u00f3n es Pasta Roja.<\/p><p>Caracter\u00edsticas especiales: Imitaci\u00f3n cemento<\/p>","protected":false},"excerpt":{"rendered":"<p>Azulejo Pasta Roja BERNA IVORY 45X45Este azulejo Pasta Roja en formato cm, acabado Mate y color Gris es perfecto para tu hogar. Su material de fabricaci\u00f3n es Pasta Roja.Caracter\u00edsticas especiales: Imitaci\u00f3n cemento<\/p>\n","protected":false},"featured_media":61704,"comment_status":"closed","ping_status":"closed","template":"","meta":[],"product_brand":[],"product_cat":[303,305,306,304,307],"product_tag":[],"class_list":{"0":"post-61703","1":"product","2":"type-product","3":"status-publish","4":"has-post-thumbnail","6":"product_cat-baldosas","7":"product_cat-banos","8":"product_cat-cocina","9":"product_cat-revestimiento","10":"product_cat-salon","12":"first","13":"outofstock","14":"shipping-taxable","15":"purchasable","16":"product-type-simple"},"_links":{"self":[{"href":"https:\/\/tilefly.com\/nl\/wp-json\/wp\/v2\/product\/61703","targetHints":{"allow":["GET"]}}],"collection":[{"href":"https:\/\/tilefly.com\/nl\/wp-json\/wp\/v2\/product"}],"about":[{"href":"https:\/\/tilefly.com\/nl\/wp-json\/wp\/v2\/types\/product"}],"replies":[{"embeddable":true,"href":"https:\/\/tilefly.com\/nl\/wp-json\/wp\/v2\/comments?post=61703"}],"wp:featuredmedia":[{"embeddable":true,"href":"https:\/\/tilefly.com\/nl\/wp-json\/wp\/v2\/media\/61704"}],"wp:attachment":[{"href":"https:\/\/tilefly.com\/nl\/wp-json\/wp\/v2\/media?parent=61703"}],"wp:term":[{"taxonomy":"product_brand","embeddable":true,"href":"https:\/\/tilefly.com\/nl\/wp-json\/wp\/v2\/product_brand?post=61703"},{"taxonomy":"product_cat","embeddable":true,"href":"https:\/\/tilefly.com\/nl\/wp-json\/wp\/v2\/product_cat?post=61703"},{"taxonomy":"product_tag","embeddable":true,"href":"https:\/\/tilefly.com\/nl\/wp-json\/wp\/v2\/product_tag?post=61703"}],"curies":[{"name":"wp","href":"https:\/\/api.w.org\/{rel}","templated":true}]}}