{"id":61374,"date":"2019-09-13T12:14:34","date_gmt":"2019-09-13T10:14:34","guid":{"rendered":"https:\/\/tilefly.com\/producto\/textil-mosaicos-porcelanico-baldosas-revestimiento-banos-salon-cocina-apa025265\/"},"modified":"2025-10-29T09:03:16","modified_gmt":"2025-10-29T08:03:16","slug":"textil-mosaicos-porcelanico-baldosas-revestimiento-banos-salon-cocina-apa025265","status":"publish","type":"product","link":"https:\/\/tilefly.com\/nl\/product\/textil-mosaicos-porcelanico-baldosas-revestimiento-banos-salon-cocina-apa025265\/","title":{"rendered":"M-STICK BALI DIAMOND 30X30"},"content":{"rendered":"<h1><strong>Azulejo Porcel\u00e1nico M-STICK BALI DIAMOND 30X30<\/strong><\/h1><p>Este azulejo Porcel\u00e1nico en formato 30X30 cm, acabado Mate y color  es perfecto para tu hogar. Su material de fabricaci\u00f3n es Porcel\u00e1nico.<\/p><p>Caracter\u00edsticas especiales: Mosaicos<\/p>","protected":false},"excerpt":{"rendered":"<p>Azulejo Porcel\u00e1nico M-STICK BALI DIAMOND 30X30Este azulejo Porcel\u00e1nico en formato 30X30 cm, acabado Mate y color es perfecto para tu hogar. Su material de fabricaci\u00f3n es Porcel\u00e1nico.Caracter\u00edsticas especiales: Mosaicos<\/p>\n","protected":false},"featured_media":61375,"comment_status":"closed","ping_status":"closed","template":"","meta":[],"product_brand":[],"product_cat":[561,562,563,564,565],"product_tag":[],"class_list":{"0":"post-61374","1":"product","2":"type-product","3":"status-publish","4":"has-post-thumbnail","6":"product_cat-vloertegels","7":"product_cat-badkamer-tegels","8":"product_cat-keuken-tegel","9":"product_cat-wandtegels","10":"product_cat-woonkamer-tegels","12":"first","13":"instock","14":"shipping-taxable","15":"purchasable","16":"product-type-simple"},"_links":{"self":[{"href":"https:\/\/tilefly.com\/nl\/wp-json\/wp\/v2\/product\/61374","targetHints":{"allow":["GET"]}}],"collection":[{"href":"https:\/\/tilefly.com\/nl\/wp-json\/wp\/v2\/product"}],"about":[{"href":"https:\/\/tilefly.com\/nl\/wp-json\/wp\/v2\/types\/product"}],"replies":[{"embeddable":true,"href":"https:\/\/tilefly.com\/nl\/wp-json\/wp\/v2\/comments?post=61374"}],"wp:featuredmedia":[{"embeddable":true,"href":"https:\/\/tilefly.com\/nl\/wp-json\/wp\/v2\/media\/61375"}],"wp:attachment":[{"href":"https:\/\/tilefly.com\/nl\/wp-json\/wp\/v2\/media?parent=61374"}],"wp:term":[{"taxonomy":"product_brand","embeddable":true,"href":"https:\/\/tilefly.com\/nl\/wp-json\/wp\/v2\/product_brand?post=61374"},{"taxonomy":"product_cat","embeddable":true,"href":"https:\/\/tilefly.com\/nl\/wp-json\/wp\/v2\/product_cat?post=61374"},{"taxonomy":"product_tag","embeddable":true,"href":"https:\/\/tilefly.com\/nl\/wp-json\/wp\/v2\/product_tag?post=61374"}],"curies":[{"name":"wp","href":"https:\/\/api.w.org\/{rel}","templated":true}]}}