{"id":60964,"date":"2019-09-13T12:09:19","date_gmt":"2019-09-13T10:09:19","guid":{"rendered":"https:\/\/tilefly.com\/producto\/decorado-metro-imitacion-cemento-pasta-roja-revestimiento-banos-salon-cocina-apa022844\/"},"modified":"2025-05-27T23:11:23","modified_gmt":"2025-05-27T21:11:23","slug":"decorado-metro-imitacion-cemento-pasta-roja-revestimiento-banos-salon-cocina-apa022844","status":"publish","type":"product","link":"https:\/\/tilefly.com\/nl\/product\/decorado-metro-imitacion-cemento-pasta-roja-revestimiento-banos-salon-cocina-apa022844\/","title":{"rendered":"PIEMONTE BLACK 7,5X15"},"content":{"rendered":"<h1><strong>Azulejo Pasta Roja PIEMONTE BLACK 7,5X15<\/strong><\/h1><p>Este azulejo Pasta Roja en formato 15X7,5 cm, acabado Brillo y color Negro \/ Oscuro es perfecto para tu hogar. Su material de fabricaci\u00f3n es Pasta Roja.<\/p><p>Caracter\u00edsticas especiales: Decorado, Imitaci\u00f3n cemento, Metro<\/p>","protected":false},"excerpt":{"rendered":"<p>Azulejo Pasta Roja PIEMONTE BLACK 7,5X15Este azulejo Pasta Roja en formato 15X7,5 cm, acabado Brillo y color Negro \/ Oscuro es perfecto para tu hogar. Su material de fabricaci\u00f3n es Pasta Roja.Caracter\u00edsticas especiales: Decorado, Imitaci\u00f3n cemento, Metro<\/p>\n","protected":false},"featured_media":60965,"comment_status":"closed","ping_status":"closed","template":"","meta":[],"product_brand":[],"product_cat":[847,848,827,866],"product_tag":[],"class_list":{"0":"post-60964","1":"product","2":"type-product","3":"status-publish","4":"has-post-thumbnail","6":"product_cat-bagni","7":"product_cat-cucine","8":"product_cat-rivestimento","9":"product_cat-salotto","11":"first","12":"outofstock","13":"shipping-taxable","14":"purchasable","15":"product-type-simple"},"_links":{"self":[{"href":"https:\/\/tilefly.com\/nl\/wp-json\/wp\/v2\/product\/60964","targetHints":{"allow":["GET"]}}],"collection":[{"href":"https:\/\/tilefly.com\/nl\/wp-json\/wp\/v2\/product"}],"about":[{"href":"https:\/\/tilefly.com\/nl\/wp-json\/wp\/v2\/types\/product"}],"replies":[{"embeddable":true,"href":"https:\/\/tilefly.com\/nl\/wp-json\/wp\/v2\/comments?post=60964"}],"wp:featuredmedia":[{"embeddable":true,"href":"https:\/\/tilefly.com\/nl\/wp-json\/wp\/v2\/media\/60965"}],"wp:attachment":[{"href":"https:\/\/tilefly.com\/nl\/wp-json\/wp\/v2\/media?parent=60964"}],"wp:term":[{"taxonomy":"product_brand","embeddable":true,"href":"https:\/\/tilefly.com\/nl\/wp-json\/wp\/v2\/product_brand?post=60964"},{"taxonomy":"product_cat","embeddable":true,"href":"https:\/\/tilefly.com\/nl\/wp-json\/wp\/v2\/product_cat?post=60964"},{"taxonomy":"product_tag","embeddable":true,"href":"https:\/\/tilefly.com\/nl\/wp-json\/wp\/v2\/product_tag?post=60964"}],"curies":[{"name":"wp","href":"https:\/\/api.w.org\/{rel}","templated":true}]}}