{"id":60180,"date":"2019-09-13T11:30:57","date_gmt":"2019-09-13T09:30:57","guid":{"rendered":"https:\/\/tilefly.com\/producto\/decorado-3d-relieve-pasta-roja-revestimiento-banos-salon-cocina-apa016187\/"},"modified":"2025-05-27T22:52:55","modified_gmt":"2025-05-27T20:52:55","slug":"decorado-3d-relieve-pasta-roja-revestimiento-banos-salon-cocina-apa016187","status":"publish","type":"product","link":"https:\/\/tilefly.com\/nl\/product\/decorado-3d-relieve-pasta-roja-revestimiento-banos-salon-cocina-apa016187\/","title":{"rendered":"PANAMERA CREMA 31X60"},"content":{"rendered":"<h1><strong>Azulejo Pasta Roja PANAMERA CREMA 31X60<\/strong><\/h1><p>Este azulejo Pasta Roja en formato 31X60 cm, acabado Brillo y color Marr\u00f3n es perfecto para tu hogar. Su material de fabricaci\u00f3n es Pasta Roja.<\/p><p>Caracter\u00edsticas especiales: 3D-Relieve, Decorado<\/p>","protected":false},"excerpt":{"rendered":"<p>Azulejo Pasta Roja PANAMERA CREMA 31X60Este azulejo Pasta Roja en formato 31X60 cm, acabado Brillo y color Marr\u00f3n es perfecto para tu hogar. Su material de fabricaci\u00f3n es Pasta Roja.Caracter\u00edsticas especiales: 3D-Relieve, Decorado<\/p>\n","protected":false},"featured_media":60181,"comment_status":"closed","ping_status":"closed","template":"","meta":[],"product_brand":[],"product_cat":[847,848,827,866],"product_tag":[],"class_list":{"0":"post-60180","1":"product","2":"type-product","3":"status-publish","4":"has-post-thumbnail","6":"product_cat-bagni","7":"product_cat-cucine","8":"product_cat-rivestimento","9":"product_cat-salotto","11":"first","12":"outofstock","13":"shipping-taxable","14":"purchasable","15":"product-type-simple"},"_links":{"self":[{"href":"https:\/\/tilefly.com\/nl\/wp-json\/wp\/v2\/product\/60180","targetHints":{"allow":["GET"]}}],"collection":[{"href":"https:\/\/tilefly.com\/nl\/wp-json\/wp\/v2\/product"}],"about":[{"href":"https:\/\/tilefly.com\/nl\/wp-json\/wp\/v2\/types\/product"}],"replies":[{"embeddable":true,"href":"https:\/\/tilefly.com\/nl\/wp-json\/wp\/v2\/comments?post=60180"}],"wp:featuredmedia":[{"embeddable":true,"href":"https:\/\/tilefly.com\/nl\/wp-json\/wp\/v2\/media\/60181"}],"wp:attachment":[{"href":"https:\/\/tilefly.com\/nl\/wp-json\/wp\/v2\/media?parent=60180"}],"wp:term":[{"taxonomy":"product_brand","embeddable":true,"href":"https:\/\/tilefly.com\/nl\/wp-json\/wp\/v2\/product_brand?post=60180"},{"taxonomy":"product_cat","embeddable":true,"href":"https:\/\/tilefly.com\/nl\/wp-json\/wp\/v2\/product_cat?post=60180"},{"taxonomy":"product_tag","embeddable":true,"href":"https:\/\/tilefly.com\/nl\/wp-json\/wp\/v2\/product_tag?post=60180"}],"curies":[{"name":"wp","href":"https:\/\/api.w.org\/{rel}","templated":true}]}}