{"id":59974,"date":"2019-09-13T11:30:57","date_gmt":"2019-09-13T09:30:57","guid":{"rendered":"https:\/\/tilefly.com\/producto\/decorado-pasta-roja-revestimiento-banos-salon-cocina-apa014899\/"},"modified":"2025-05-27T22:52:33","modified_gmt":"2025-05-27T20:52:33","slug":"decorado-pasta-roja-revestimiento-banos-salon-cocina-apa014899","status":"publish","type":"product","link":"https:\/\/tilefly.com\/nl\/product\/decorado-pasta-roja-revestimiento-banos-salon-cocina-apa014899\/","title":{"rendered":"DECOR SET(3) AMAPOLA ROJA 20X60"},"content":{"rendered":"<h1><strong>Azulejo Pasta Roja DECOR SET(3) AMAPOLA ROJA 20X60<\/strong><\/h1><p>Este azulejo Pasta Roja en formato  cm, acabado Brillo y color Marr\u00f3n es perfecto para tu hogar. Su material de fabricaci\u00f3n es Pasta Roja.<\/p><p>Caracter\u00edsticas especiales: Decorado<\/p>","protected":false},"excerpt":{"rendered":"<p>Azulejo Pasta Roja DECOR SET(3) AMAPOLA ROJA 20X60Este azulejo Pasta Roja en formato cm, acabado Brillo y color Marr\u00f3n es perfecto para tu hogar. Su material de fabricaci\u00f3n es Pasta Roja.Caracter\u00edsticas especiales: Decorado<\/p>\n","protected":false},"featured_media":59975,"comment_status":"closed","ping_status":"closed","template":"","meta":[],"product_brand":[],"product_cat":[847,848,827,866],"product_tag":[],"class_list":{"0":"post-59974","1":"product","2":"type-product","3":"status-publish","4":"has-post-thumbnail","6":"product_cat-bagni","7":"product_cat-cucine","8":"product_cat-rivestimento","9":"product_cat-salotto","11":"first","12":"outofstock","13":"shipping-taxable","14":"purchasable","15":"product-type-simple"},"_links":{"self":[{"href":"https:\/\/tilefly.com\/nl\/wp-json\/wp\/v2\/product\/59974","targetHints":{"allow":["GET"]}}],"collection":[{"href":"https:\/\/tilefly.com\/nl\/wp-json\/wp\/v2\/product"}],"about":[{"href":"https:\/\/tilefly.com\/nl\/wp-json\/wp\/v2\/types\/product"}],"replies":[{"embeddable":true,"href":"https:\/\/tilefly.com\/nl\/wp-json\/wp\/v2\/comments?post=59974"}],"wp:featuredmedia":[{"embeddable":true,"href":"https:\/\/tilefly.com\/nl\/wp-json\/wp\/v2\/media\/59975"}],"wp:attachment":[{"href":"https:\/\/tilefly.com\/nl\/wp-json\/wp\/v2\/media?parent=59974"}],"wp:term":[{"taxonomy":"product_brand","embeddable":true,"href":"https:\/\/tilefly.com\/nl\/wp-json\/wp\/v2\/product_brand?post=59974"},{"taxonomy":"product_cat","embeddable":true,"href":"https:\/\/tilefly.com\/nl\/wp-json\/wp\/v2\/product_cat?post=59974"},{"taxonomy":"product_tag","embeddable":true,"href":"https:\/\/tilefly.com\/nl\/wp-json\/wp\/v2\/product_tag?post=59974"}],"curies":[{"name":"wp","href":"https:\/\/api.w.org\/{rel}","templated":true}]}}