{"id":59920,"date":"2019-09-13T11:30:57","date_gmt":"2019-09-13T09:30:57","guid":{"rendered":"https:\/\/tilefly.com\/producto\/decorado-imitacion-piedra-pasta-roja-revestimiento-banos-salon-cocina-apa014552\/"},"modified":"2025-05-27T22:53:00","modified_gmt":"2025-05-27T20:53:00","slug":"decorado-imitacion-piedra-pasta-roja-revestimiento-banos-salon-cocina-apa014552","status":"publish","type":"product","link":"https:\/\/tilefly.com\/nl\/product\/decorado-imitacion-piedra-pasta-roja-revestimiento-banos-salon-cocina-apa014552\/","title":{"rendered":"DOROTHEA MUSGO 4,7X25"},"content":{"rendered":"<h1><strong>Azulejo Pasta Roja DOROTHEA MUSGO 4,7X25<\/strong><\/h1><p>Este azulejo Pasta Roja en formato  cm, acabado Mate y color Amarillo es perfecto para tu hogar. Su material de fabricaci\u00f3n es Pasta Roja.<\/p><p>Caracter\u00edsticas especiales: Decorado, Imitaci\u00f3n piedra<\/p>","protected":false},"excerpt":{"rendered":"<p>Azulejo Pasta Roja DOROTHEA MUSGO 4,7X25Este azulejo Pasta Roja en formato cm, acabado Mate y color Amarillo es perfecto para tu hogar. Su material de fabricaci\u00f3n es Pasta Roja.Caracter\u00edsticas especiales: Decorado, Imitaci\u00f3n piedra<\/p>\n","protected":false},"featured_media":59921,"comment_status":"closed","ping_status":"closed","template":"","meta":[],"product_brand":[],"product_cat":[847,848,827,866],"product_tag":[],"class_list":{"0":"post-59920","1":"product","2":"type-product","3":"status-publish","4":"has-post-thumbnail","6":"product_cat-bagni","7":"product_cat-cucine","8":"product_cat-rivestimento","9":"product_cat-salotto","11":"first","12":"outofstock","13":"shipping-taxable","14":"purchasable","15":"product-type-simple"},"_links":{"self":[{"href":"https:\/\/tilefly.com\/nl\/wp-json\/wp\/v2\/product\/59920","targetHints":{"allow":["GET"]}}],"collection":[{"href":"https:\/\/tilefly.com\/nl\/wp-json\/wp\/v2\/product"}],"about":[{"href":"https:\/\/tilefly.com\/nl\/wp-json\/wp\/v2\/types\/product"}],"replies":[{"embeddable":true,"href":"https:\/\/tilefly.com\/nl\/wp-json\/wp\/v2\/comments?post=59920"}],"wp:featuredmedia":[{"embeddable":true,"href":"https:\/\/tilefly.com\/nl\/wp-json\/wp\/v2\/media\/59921"}],"wp:attachment":[{"href":"https:\/\/tilefly.com\/nl\/wp-json\/wp\/v2\/media?parent=59920"}],"wp:term":[{"taxonomy":"product_brand","embeddable":true,"href":"https:\/\/tilefly.com\/nl\/wp-json\/wp\/v2\/product_brand?post=59920"},{"taxonomy":"product_cat","embeddable":true,"href":"https:\/\/tilefly.com\/nl\/wp-json\/wp\/v2\/product_cat?post=59920"},{"taxonomy":"product_tag","embeddable":true,"href":"https:\/\/tilefly.com\/nl\/wp-json\/wp\/v2\/product_tag?post=59920"}],"curies":[{"name":"wp","href":"https:\/\/api.w.org\/{rel}","templated":true}]}}