{"id":575591,"date":"2025-07-23T14:21:32","date_gmt":"2025-07-23T12:21:32","guid":{"rendered":"https:\/\/tilefly.com\/producto\/doncella-ivory-pul-120x120-rect\/"},"modified":"2025-07-23T15:05:10","modified_gmt":"2025-07-23T13:05:10","slug":"doncella-ivory-pul-120x120-rect","status":"publish","type":"product","link":"https:\/\/tilefly.com\/nl\/product\/doncella-ivory-pul-120x120-rect\/","title":{"rendered":"DONCELLA IVORY PUL 120X120 RECT"},"content":{"rendered":"<h2>Plaat van Porselein Mat DONCELLA IVORY PUL 120X120 RECT<\/h2><p>Ontdek de majesteit en het onge\u00ebvenaarde charisma van onze <a href='https:\/\/tilefly.com\/producto\/doncella'>DONCELLA<\/a> serie, een collectie die elegantie in elke ruimte opnieuw definieert. Binnen deze prestigieuze serie presenteren wij u de DONCELLA IVORY PUL 120X120 RECT, een porseleinen tegel die de tijdloze verfijning van gekristalliseerd marmer belichaamt, maar dan met de duurzaamheid en veelzijdigheid die alleen moderne technologie kan bieden.<\/p><p>De Ivoor kleur van dit stuk is een statement van warmte en lichtheid. Ge\u00efnspireerd door de delicatesse van cr\u00e8me- en gebroken witte tinten, straalt het oppervlak een subtiele helderheid uit die natuurlijk licht versterkt, waardoor serene en gastvrije omgevingen ontstaan. De fijne, onregelmatige aders stromen gracieus over de tegel, waarbij ze met verbluffende trouw de geologische formaties van natuursteen nabootsen. Deze aders, in diepere beige-grijze tinten en bijna witte gebieden, verstrengelen zich op een organische en willekeurige manier, wat elk stuk een artistieke uniciteit verleent. Dit ontwerp vangt niet alleen de essentie van marmer of onyx, maar voegt ook een visuele diepte toe die zowel hypnotiserend als rustgevend is.<\/p><p>Gemaakt van gepolijst geglazuurd porselein, is de DONCELLA IVORY PUL 120X120 RECT de perfecte synthese tussen schoonheid en weerstand. Zijn porseleinen aard maakt het uitzonderlijk robuust, ideaal voor dagelijks gebruik, zowel op vloeren als op wandbekleding, wat een lange levensduur garandeert met minimaal onderhoud. De Gepolijste afwerking van het oppervlak versterkt de glans, biedt een zacht gevoel en een reflectiviteit die de helderheid van de ivoorkleur versterkt, waardoor een spiegelend effect ontstaat dat elke kamer visueel vergroot. Deze afwerking is niet alleen esthetisch superieur, maar maakt ook het schoonmaken eenvoudig, waardoor de glans gemakkelijk behouden blijft.<\/p><p>Het grote formaat van 120&#215;120 cm, gecombineerd met de rectificatie, is een ander onderscheidend kenmerk van deze tegel. De Rectified rand maakt installatie met minimale voegen mogelijk, waardoor een bijna continue oppervlak ontstaat dat het gevoel van ruimte en moderniteit versterkt. Deze precisie in de afmetingen zorgt voor een onberispelijke plaatsing, wat resulteert in een vloer- of wandbekleding die lijkt op \u00e9\u00e9n monolithisch stuk marmer. De veelzijdigheid als imitatie van marmer en steen maakt het een onge\u00ebvenaarde keuze voor wie op zoek is naar de verfijning van natuursteen zonder de complexiteit van het onderhoud, en voegt een vleugje discrete luxe toe aan elk interieur, van woonkamers en slaapkamers tot badkamers en keukens, waardoor ze worden omgetoverd tot ruimtes van pure onderscheiding.<\/p>","protected":false},"excerpt":{"rendered":"<p>Plaat van Porselein Mat DONCELLA IVORY PUL 120X120 RECTOntdek de majesteit en het onge\u00ebvenaarde charisma van onze DONCELLA serie, een collectie die elegantie in elke ruimte opnieuw definieert. Binnen deze prestigieuze serie presenteren wij u de DONCELLA IVORY PUL 120X120 RECT, een porseleinen tegel die de tijdloze verfijning van gekristalliseerd marmer belichaamt, maar dan met [&hellip;]<\/p>\n","protected":false},"featured_media":575563,"comment_status":"open","ping_status":"closed","template":"","meta":[],"product_brand":[],"product_cat":[562,563,561,564],"product_tag":[],"class_list":{"0":"post-575591","1":"product","2":"type-product","3":"status-publish","4":"has-post-thumbnail","6":"product_cat-badkamer-tegels","7":"product_cat-keuken-tegel","8":"product_cat-vloertegels","9":"product_cat-wandtegels","11":"first","12":"instock","13":"shipping-taxable","14":"purchasable","15":"product-type-simple"},"_links":{"self":[{"href":"https:\/\/tilefly.com\/nl\/wp-json\/wp\/v2\/product\/575591","targetHints":{"allow":["GET"]}}],"collection":[{"href":"https:\/\/tilefly.com\/nl\/wp-json\/wp\/v2\/product"}],"about":[{"href":"https:\/\/tilefly.com\/nl\/wp-json\/wp\/v2\/types\/product"}],"replies":[{"embeddable":true,"href":"https:\/\/tilefly.com\/nl\/wp-json\/wp\/v2\/comments?post=575591"}],"wp:featuredmedia":[{"embeddable":true,"href":"https:\/\/tilefly.com\/nl\/wp-json\/wp\/v2\/media\/575563"}],"wp:attachment":[{"href":"https:\/\/tilefly.com\/nl\/wp-json\/wp\/v2\/media?parent=575591"}],"wp:term":[{"taxonomy":"product_brand","embeddable":true,"href":"https:\/\/tilefly.com\/nl\/wp-json\/wp\/v2\/product_brand?post=575591"},{"taxonomy":"product_cat","embeddable":true,"href":"https:\/\/tilefly.com\/nl\/wp-json\/wp\/v2\/product_cat?post=575591"},{"taxonomy":"product_tag","embeddable":true,"href":"https:\/\/tilefly.com\/nl\/wp-json\/wp\/v2\/product_tag?post=575591"}],"curies":[{"name":"wp","href":"https:\/\/api.w.org\/{rel}","templated":true}]}}