{"id":575426,"date":"2025-07-18T01:10:32","date_gmt":"2025-07-17T23:10:32","guid":{"rendered":"https:\/\/tilefly.com\/producto\/fortune-pearl-mt-60x60-rect\/"},"modified":"2025-07-18T01:28:58","modified_gmt":"2025-07-17T23:28:58","slug":"fortune-pearl-mt-60x60-rect","status":"publish","type":"product","link":"https:\/\/tilefly.com\/nl\/product\/fortune-pearl-mt-60x60-rect\/","title":{"rendered":"FORTUNE PEARL MT 60X60 RECT"},"content":{"rendered":"<h2>Matte Porselein Tegel FORTUNE PEARL MT 60X60 RECT<\/h2><p>De FORTUNE PEARL MT 60X60 RECT porseleinen tegel belichaamt de verfijnde elegantie en innovatieve geest van de <a href='https:\/\/tilefly.com\/producto\/fortune'>FORTUNE<\/a> serie. Dit exquise stuk betovert met zijn delicate &#8216;Parel&#8217; tint, een zeer licht grijs dat bijna wit is en licht en ruimte toevoegt aan elke ruimte. Het ontwerp roept meesterlijk de essentie op van levend cement, waarbij sober minimalisme wordt gecombineerd met een warm en gastvrij karakter, ideaal voor het cre\u00ebren van innovatieve en kosmopolitische decoratieve oplossingen. Het speciale creatieve oppervlakte-effect zorgt voor een onmiskenbaar lichtspel, waardoor elke centimeter van de tegel tot leven komt.<\/p><p>Wat FORTUNE PEARL werkelijk onderscheidt, is de opmerkelijke imitatie van natuursteen, specifiek een gevliesd travertijn. Het oppervlak onthult een verfijnd patroon van fijne en discrete lineaire aders die horizontaal over de tegel lopen. Deze subtiele parallelle lijnen, met lichte variaties in intensiteit en schaduw, cre\u00ebren een zachte visuele textuur en een indrukwekkend gevoel van natuurlijke diepte. De matte afwerking, zacht aanvoelend, versterkt deze eigentijdse en elegante esthetiek, vermindert schittering en bevordert een serene en gastvrije sfeer. Dit veelzijdige ontwerp is perfect om een gevoel van rust en verfijning te brengen.<\/p><p>Gemaakt van hoogwaardig geglazuurd, gerectificeerd porselein, biedt de FORTUNE PEARL MT 60X60 RECT onge\u00ebvenaarde duurzaamheid en veelzijdigheid. Het formaat van 60&#215;60 cm is ideaal voor het cre\u00ebren van uitgebreide en continue oppervlakken, zowel op vloeren als op muren. Het rectificatieproces zorgt voor perfect rechte randen, waardoor minimale voegen mogelijk zijn die bijdragen aan een vloeiende en ononderbroken uitstraling, wat de perceptie van ruimte en continu\u00efteit versterkt. Dit robuuste materiaal is geschikt voor residenti\u00eble en commerci\u00eble toepassingen, bestand tegen dagelijkse slijtage en behoudt moeiteloos zijn onberispelijke uiterlijk.<\/p><p>Het &#8216;Parel&#8217; kleurenpalet, gecombineerd met de kenmerkende lineaire steenimitatie, maakt deze tegel een ongelooflijk veelzijdige keuze. Hij is perfect om ruimtes te transformeren met minimalistische, eigentijdse of Scandinavische stijlen, waar helderheid, eenvoud en natuurlijke elementen worden gewaardeerd. De &#8216;Parel&#8217; tint en de verfijnde textuur dragen bij aan het cre\u00ebren van een rustig heiligdom, waardoor de sfeer van woonkamers, slaapkamers, keukens en badkamers wordt verhoogd. Kiezen voor FORTUNE PEARL betekent investeren in een basis die zowel esthetisch boeiend als functioneel superieur is, met een blijvende schoonheid die evolueert met de veranderende designtrends.<\/p>","protected":false},"excerpt":{"rendered":"<p>Matte Porselein Tegel FORTUNE PEARL MT 60X60 RECTDe FORTUNE PEARL MT 60X60 RECT porseleinen tegel belichaamt de verfijnde elegantie en innovatieve geest van de FORTUNE serie. Dit exquise stuk betovert met zijn delicate &#8216;Parel&#8217; tint, een zeer licht grijs dat bijna wit is en licht en ruimte toevoegt aan elke ruimte. Het ontwerp roept meesterlijk [&hellip;]<\/p>\n","protected":false},"featured_media":575270,"comment_status":"open","ping_status":"closed","template":"","meta":[],"product_brand":[],"product_cat":[562,563,561,564],"product_tag":[],"class_list":{"0":"post-575426","1":"product","2":"type-product","3":"status-publish","4":"has-post-thumbnail","6":"product_cat-badkamer-tegels","7":"product_cat-keuken-tegel","8":"product_cat-vloertegels","9":"product_cat-wandtegels","11":"first","12":"instock","13":"shipping-taxable","14":"purchasable","15":"product-type-simple"},"_links":{"self":[{"href":"https:\/\/tilefly.com\/nl\/wp-json\/wp\/v2\/product\/575426","targetHints":{"allow":["GET"]}}],"collection":[{"href":"https:\/\/tilefly.com\/nl\/wp-json\/wp\/v2\/product"}],"about":[{"href":"https:\/\/tilefly.com\/nl\/wp-json\/wp\/v2\/types\/product"}],"replies":[{"embeddable":true,"href":"https:\/\/tilefly.com\/nl\/wp-json\/wp\/v2\/comments?post=575426"}],"wp:featuredmedia":[{"embeddable":true,"href":"https:\/\/tilefly.com\/nl\/wp-json\/wp\/v2\/media\/575270"}],"wp:attachment":[{"href":"https:\/\/tilefly.com\/nl\/wp-json\/wp\/v2\/media?parent=575426"}],"wp:term":[{"taxonomy":"product_brand","embeddable":true,"href":"https:\/\/tilefly.com\/nl\/wp-json\/wp\/v2\/product_brand?post=575426"},{"taxonomy":"product_cat","embeddable":true,"href":"https:\/\/tilefly.com\/nl\/wp-json\/wp\/v2\/product_cat?post=575426"},{"taxonomy":"product_tag","embeddable":true,"href":"https:\/\/tilefly.com\/nl\/wp-json\/wp\/v2\/product_tag?post=575426"}],"curies":[{"name":"wp","href":"https:\/\/api.w.org\/{rel}","templated":true}]}}