{"id":574311,"date":"2025-02-26T23:32:10","date_gmt":"2025-02-26T22:32:10","guid":{"rendered":"https:\/\/tilefly.com\/producto\/burlington-pearl-rect-60x60\/"},"modified":"2025-10-29T09:44:37","modified_gmt":"2025-10-29T08:44:37","slug":"burlington-pearl-rect-60x60","status":"publish","type":"product","link":"https:\/\/tilefly.com\/nl\/product\/burlington-pearl-rect-60x60\/","title":{"rendered":"BURLINGTON PEARL RECT 60X60"},"content":{"rendered":"<h2><strong>BURLINGTON PEARL RECT 60X60<\/strong><\/h2><p>Descubre la elegancia sutil y la resistencia inigualable con la baldosa BURLINGTON PEARL RECT 60X60. Inspirada en la pureza de las monta\u00f1as de Cumbria, esta baldosa porcel\u00e1nica en color perla captura la esencia de la piedra natural con un toque moderno y sofisticado. Su acabado mate y su dise\u00f1o que imita la textura del cemento o microcemento, con sutiles variaciones de tono y una fina granulosidad, aportan calidez y autenticidad a cualquier espacio.<\/p><p>Con un formato de 60&#215;60 y un dise\u00f1o vers\u00e1til, esta baldosa es ideal tanto para suelos como para paredes, adapt\u00e1ndose a una amplia variedad de estilos decorativos, desde los m\u00e1s minimalistas hasta los m\u00e1s contempor\u00e1neos. Adem\u00e1s, su caracter\u00edstica antideslizante la convierte en una opci\u00f3n segura y funcional para \u00e1reas de alto tr\u00e1nsito o espacios h\u00famedos.<\/p><p>La BURLINGTON PEARL RECT 60X60 no solo destaca por su est\u00e9tica cuidada, sino tambi\u00e9n por su durabilidad y resistencia. Fabricada con materiales de alta calidad, esta baldosa porcel\u00e1nica es capaz de soportar el desgaste diario y mantener su belleza a lo largo del tiempo. Su rectificado perfecto garantiza una instalaci\u00f3n precisa y uniforme, creando un ambiente armonioso y acogedor. Dale un toque de distinci\u00f3n a tu hogar con la serie <a href=\"https:\/\/tilefly.com\/nl\/product\/burlington\/\">BURLINGTON<\/a>, donde la naturaleza y el dise\u00f1o se fusionan para crear espacios \u00fanicos e inolvidables.<\/p>","protected":false},"excerpt":{"rendered":"<p>BURLINGTON PEARL RECT 60X60Descubre la elegancia sutil y la resistencia inigualable con la baldosa BURLINGTON PEARL RECT 60X60. Inspirada en la pureza de las monta\u00f1as de Cumbria, esta baldosa porcel\u00e1nica en color perla captura la esencia de la piedra natural con un toque moderno y sofisticado. Su acabado mate y su dise\u00f1o que imita la [&hellip;]<\/p>\n","protected":false},"featured_media":567870,"comment_status":"open","ping_status":"closed","template":"","meta":[],"product_brand":[],"product_cat":[562,563,561,564],"product_tag":[],"class_list":{"0":"post-574311","1":"product","2":"type-product","3":"status-publish","4":"has-post-thumbnail","6":"product_cat-badkamer-tegels","7":"product_cat-keuken-tegel","8":"product_cat-vloertegels","9":"product_cat-wandtegels","11":"first","12":"instock","13":"shipping-taxable","14":"purchasable","15":"product-type-simple"},"_links":{"self":[{"href":"https:\/\/tilefly.com\/nl\/wp-json\/wp\/v2\/product\/574311","targetHints":{"allow":["GET"]}}],"collection":[{"href":"https:\/\/tilefly.com\/nl\/wp-json\/wp\/v2\/product"}],"about":[{"href":"https:\/\/tilefly.com\/nl\/wp-json\/wp\/v2\/types\/product"}],"replies":[{"embeddable":true,"href":"https:\/\/tilefly.com\/nl\/wp-json\/wp\/v2\/comments?post=574311"}],"wp:featuredmedia":[{"embeddable":true,"href":"https:\/\/tilefly.com\/nl\/wp-json\/wp\/v2\/media\/567870"}],"wp:attachment":[{"href":"https:\/\/tilefly.com\/nl\/wp-json\/wp\/v2\/media?parent=574311"}],"wp:term":[{"taxonomy":"product_brand","embeddable":true,"href":"https:\/\/tilefly.com\/nl\/wp-json\/wp\/v2\/product_brand?post=574311"},{"taxonomy":"product_cat","embeddable":true,"href":"https:\/\/tilefly.com\/nl\/wp-json\/wp\/v2\/product_cat?post=574311"},{"taxonomy":"product_tag","embeddable":true,"href":"https:\/\/tilefly.com\/nl\/wp-json\/wp\/v2\/product_tag?post=574311"}],"curies":[{"name":"wp","href":"https:\/\/api.w.org\/{rel}","templated":true}]}}