{"id":574102,"date":"2025-04-02T16:09:09","date_gmt":"2025-04-02T14:09:09","guid":{"rendered":"https:\/\/tilefly.com\/producto\/pursue-pearl-light-mt-333x90-rect\/"},"modified":"2026-03-08T04:01:06","modified_gmt":"2026-03-08T03:01:06","slug":"pursue-pearl-light-mt-333x90-rect","status":"publish","type":"product","link":"https:\/\/tilefly.com\/nl\/product\/pursue-pearl-light-mt-333x90-rect\/","title":{"rendered":"PURSUE PEARL LIGHT MT 33,3X90 RECT"},"content":{"rendered":"<h2>PURSUE PEARL LIGHT MT 33,3X90 RECT<\/h2><p>La baldosa <b>PURSUE PEARL LIGHT MT 33,3X90 RECT<\/b> en color perla ofrece la elegancia sutil del cemento pulido en un formato pr\u00e1ctico para revestimientos. Su acabado mate y la imitaci\u00f3n de cemento con ligeras variaciones de tono y peque\u00f1os puntos oscuros le confieren un aspecto natural y vers\u00e1til, ideal para diversos estilos decorativos. Al ser rectificada, permite juntas m\u00e1s finas para una apariencia m\u00e1s continua y moderna. Esta baldosa de pasta blanca es perfecta para crear ambientes luminosos y sofisticados en paredes interiores.<a href=\"https:\/\/tilefly.com\/nl\/product\/pursue\/\">PURSUE<\/a><\/p>","protected":false},"excerpt":{"rendered":"<p>PURSUE PEARL LIGHT MT 33,3X90 RECTLa baldosa PURSUE PEARL LIGHT MT 33,3X90 RECT en color perla ofrece la elegancia sutil del cemento pulido en un formato pr\u00e1ctico para revestimientos. Su acabado mate y la imitaci\u00f3n de cemento con ligeras variaciones de tono y peque\u00f1os puntos oscuros le confieren un aspecto natural y vers\u00e1til, ideal para [&hellip;]<\/p>\n","protected":false},"featured_media":570859,"comment_status":"open","ping_status":"closed","template":"","meta":[],"product_brand":[],"product_cat":[562,563,564],"product_tag":[],"class_list":{"0":"post-574102","1":"product","2":"type-product","3":"status-publish","4":"has-post-thumbnail","6":"product_cat-badkamer-tegels","7":"product_cat-keuken-tegel","8":"product_cat-wandtegels","10":"first","11":"instock","12":"shipping-taxable","13":"purchasable","14":"product-type-simple"},"_links":{"self":[{"href":"https:\/\/tilefly.com\/nl\/wp-json\/wp\/v2\/product\/574102","targetHints":{"allow":["GET"]}}],"collection":[{"href":"https:\/\/tilefly.com\/nl\/wp-json\/wp\/v2\/product"}],"about":[{"href":"https:\/\/tilefly.com\/nl\/wp-json\/wp\/v2\/types\/product"}],"replies":[{"embeddable":true,"href":"https:\/\/tilefly.com\/nl\/wp-json\/wp\/v2\/comments?post=574102"}],"wp:featuredmedia":[{"embeddable":true,"href":"https:\/\/tilefly.com\/nl\/wp-json\/wp\/v2\/media\/570859"}],"wp:attachment":[{"href":"https:\/\/tilefly.com\/nl\/wp-json\/wp\/v2\/media?parent=574102"}],"wp:term":[{"taxonomy":"product_brand","embeddable":true,"href":"https:\/\/tilefly.com\/nl\/wp-json\/wp\/v2\/product_brand?post=574102"},{"taxonomy":"product_cat","embeddable":true,"href":"https:\/\/tilefly.com\/nl\/wp-json\/wp\/v2\/product_cat?post=574102"},{"taxonomy":"product_tag","embeddable":true,"href":"https:\/\/tilefly.com\/nl\/wp-json\/wp\/v2\/product_tag?post=574102"}],"curies":[{"name":"wp","href":"https:\/\/api.w.org\/{rel}","templated":true}]}}