{"id":573945,"date":"2025-02-27T00:21:54","date_gmt":"2025-02-26T23:21:54","guid":{"rendered":"https:\/\/tilefly.com\/producto\/burlington\/"},"modified":"2025-02-27T00:21:54","modified_gmt":"2025-02-26T23:21:54","slug":"burlington","status":"publish","type":"product","link":"https:\/\/tilefly.com\/nl\/product\/burlington\/","title":{"rendered":"BURLINGTON"},"content":{"rendered":"<h2>Serie BURLINGTON<br \/><\/h2><p>En las profundidades de las monta\u00f1as de Cumbria, en Reino Unido, la pureza del agua de Lakeland, la ceniza volc\u00e1nica, la intemperie y los procesos minerales forman lentamente Burlington. Durante siglos, esta ic\u00f3nica piedra, que ha inspirado nuestra colecci\u00f3n con el mismo nombre, ha dado vida a interiores hermosos, a trabajos tallados de forma natural y a majestuosos espacios; espacios donde suceden cosas maravillosas, donde se detiene el momento, donde los procesos qu\u00edmicos forman lentamente, en nuestro cerebro, una colecci\u00f3n de hermosos recuerdos. Burlington.<\/p>","protected":false},"excerpt":{"rendered":"<p>Serie BURLINGTONEn las profundidades de las monta\u00f1as de Cumbria, en Reino Unido, la pureza del agua de Lakeland, la ceniza volc\u00e1nica, la intemperie y los procesos minerales forman lentamente Burlington. Durante siglos, esta ic\u00f3nica piedra, que ha inspirado nuestra colecci\u00f3n con el mismo nombre, ha dado vida a interiores hermosos, a trabajos tallados de forma [&hellip;]<\/p>\n","protected":false},"featured_media":568403,"comment_status":"closed","ping_status":"closed","template":"","meta":[],"product_brand":[],"product_cat":[561,562,563,564,565],"product_tag":[],"class_list":{"0":"post-573945","1":"product","2":"type-product","3":"status-publish","4":"has-post-thumbnail","6":"product_cat-vloertegels","7":"product_cat-badkamer-tegels","8":"product_cat-keuken-tegel","9":"product_cat-wandtegels","10":"product_cat-woonkamer-tegels","12":"first","13":"instock","14":"shipping-taxable","15":"product-type-grouped"},"_links":{"self":[{"href":"https:\/\/tilefly.com\/nl\/wp-json\/wp\/v2\/product\/573945","targetHints":{"allow":["GET"]}}],"collection":[{"href":"https:\/\/tilefly.com\/nl\/wp-json\/wp\/v2\/product"}],"about":[{"href":"https:\/\/tilefly.com\/nl\/wp-json\/wp\/v2\/types\/product"}],"replies":[{"embeddable":true,"href":"https:\/\/tilefly.com\/nl\/wp-json\/wp\/v2\/comments?post=573945"}],"wp:featuredmedia":[{"embeddable":true,"href":"https:\/\/tilefly.com\/nl\/wp-json\/wp\/v2\/media\/568403"}],"wp:attachment":[{"href":"https:\/\/tilefly.com\/nl\/wp-json\/wp\/v2\/media?parent=573945"}],"wp:term":[{"taxonomy":"product_brand","embeddable":true,"href":"https:\/\/tilefly.com\/nl\/wp-json\/wp\/v2\/product_brand?post=573945"},{"taxonomy":"product_cat","embeddable":true,"href":"https:\/\/tilefly.com\/nl\/wp-json\/wp\/v2\/product_cat?post=573945"},{"taxonomy":"product_tag","embeddable":true,"href":"https:\/\/tilefly.com\/nl\/wp-json\/wp\/v2\/product_tag?post=573945"}],"curies":[{"name":"wp","href":"https:\/\/api.w.org\/{rel}","templated":true}]}}