{"id":573942,"date":"2025-02-27T00:31:55","date_gmt":"2025-02-26T23:31:55","guid":{"rendered":"https:\/\/tilefly.com\/producto\/habitat\/"},"modified":"2025-02-27T00:31:55","modified_gmt":"2025-02-26T23:31:55","slug":"habitat","status":"publish","type":"product","link":"https:\/\/tilefly.com\/nl\/product\/habitat\/","title":{"rendered":"HABITAT"},"content":{"rendered":"<p>Llegar a casa despu\u00e9s de un d\u00eda de trabajo en invierno, encender la chimenea, ponerse ropa c\u00f3moda y disfrutar de un momento de relax no tiene precio. Nada es comparable con la calidez del hogar. A partir de esta escena surge una colecci\u00f3n inspirada en los tejidos, que reproduce una tela jaspeada repleta de matices de color en sus hilos. Habitat es una cer\u00e1mica para vivirla, para pasear descalzo, sentir su delicada y amplia gama crom\u00e1tica que nos permite un sinf\u00edn de combinaciones.<\/p>","protected":false},"excerpt":{"rendered":"<p>Llegar a casa despu\u00e9s de un d\u00eda de trabajo en invierno, encender la chimenea, ponerse ropa c\u00f3moda y disfrutar de un momento de relax no tiene precio. Nada es comparable con la calidez del hogar. A partir de esta escena surge una colecci\u00f3n inspirada en los tejidos, que reproduce una tela jaspeada repleta de matices [&hellip;]<\/p>\n","protected":false},"featured_media":568487,"comment_status":"closed","ping_status":"closed","template":"","meta":[],"product_brand":[],"product_cat":[561,562,563,564],"product_tag":[],"class_list":{"0":"post-573942","1":"product","2":"type-product","3":"status-publish","4":"has-post-thumbnail","6":"product_cat-vloertegels","7":"product_cat-badkamer-tegels","8":"product_cat-keuken-tegel","9":"product_cat-wandtegels","11":"first","12":"instock","13":"shipping-taxable","14":"product-type-grouped"},"_links":{"self":[{"href":"https:\/\/tilefly.com\/nl\/wp-json\/wp\/v2\/product\/573942","targetHints":{"allow":["GET"]}}],"collection":[{"href":"https:\/\/tilefly.com\/nl\/wp-json\/wp\/v2\/product"}],"about":[{"href":"https:\/\/tilefly.com\/nl\/wp-json\/wp\/v2\/types\/product"}],"replies":[{"embeddable":true,"href":"https:\/\/tilefly.com\/nl\/wp-json\/wp\/v2\/comments?post=573942"}],"wp:featuredmedia":[{"embeddable":true,"href":"https:\/\/tilefly.com\/nl\/wp-json\/wp\/v2\/media\/568487"}],"wp:attachment":[{"href":"https:\/\/tilefly.com\/nl\/wp-json\/wp\/v2\/media?parent=573942"}],"wp:term":[{"taxonomy":"product_brand","embeddable":true,"href":"https:\/\/tilefly.com\/nl\/wp-json\/wp\/v2\/product_brand?post=573942"},{"taxonomy":"product_cat","embeddable":true,"href":"https:\/\/tilefly.com\/nl\/wp-json\/wp\/v2\/product_cat?post=573942"},{"taxonomy":"product_tag","embeddable":true,"href":"https:\/\/tilefly.com\/nl\/wp-json\/wp\/v2\/product_tag?post=573942"}],"curies":[{"name":"wp","href":"https:\/\/api.w.org\/{rel}","templated":true}]}}