{"id":573251,"date":"2025-05-07T19:23:51","date_gmt":"2025-05-07T17:23:51","guid":{"rendered":"https:\/\/tilefly.com\/producto\/munui-eden-rect-30x60\/"},"modified":"2025-10-29T09:54:27","modified_gmt":"2025-10-29T08:54:27","slug":"munui-eden-rect-30x60","status":"publish","type":"product","link":"https:\/\/tilefly.com\/nl\/product\/munui-eden-rect-30x60\/","title":{"rendered":"MUNUI EDEN RECT 30X60"},"content":{"rendered":"<h2><strong>MUNUI EDEN RECT 30X60<\/strong><\/h2><p>Descubre la elegancia discreta y la sofisticaci\u00f3n moderna con el azulejo MUNUI EDEN RECT 30&#215;60. Este pavimento porcel\u00e1nico, rectificado para una instalaci\u00f3n impecable y uniones m\u00ednimas, redefine el concepto de revestimiento con su sutil dise\u00f1o que imita la textura textil. El color gris predominante, salpicado de suaves toques azules, crea una atm\u00f3sfera serena y adaptable a cualquier estilo decorativo. Su acabado mate, adem\u00e1s de conferirle un aspecto contempor\u00e1neo, proporciona una superficie antideslizante, ideal para espacios que requieren seguridad sin sacrificar el dise\u00f1o.<\/p><p>La serie <a href=\"https:\/\/tilefly.com\/nl\/product\/munui\/\">MUNUI<\/a> se inspira en la tradici\u00f3n oriental, reinterpretando el papel coreano con t\u00e9cnicas innovadoras. El azulejo MUNUI EDEN RECT, con su patr\u00f3n pixelado y l\u00edneas horizontales irregulares, evoca la delicadeza de los hilos de algod\u00f3n y la profundidad de la artesan\u00eda milenaria. Su versatilidad lo convierte en una opci\u00f3n perfecta tanto para espacios residenciales como comerciales, aportando un toque de distinci\u00f3n y calidez a cualquier ambiente.<\/p><p>M\u00e1s all\u00e1 de su est\u00e9tica, este azulejo porcel\u00e1nico destaca por su resistencia y durabilidad. Fabricado con materiales de alta calidad, garantiza una larga vida \u00fatil y un f\u00e1cil mantenimiento, resistiendo el desgaste diario y las manchas. Su formato de 30&#215;60 facilita su colocaci\u00f3n y permite crear composiciones originales y personalizadas. Si buscas un revestimiento que combine belleza, funcionalidad y calidad, el MUNUI EDEN RECT 30&#215;60 es la elecci\u00f3n perfecta.<\/p>","protected":false},"excerpt":{"rendered":"<p>MUNUI EDEN RECT 30X60Descubre la elegancia discreta y la sofisticaci\u00f3n moderna con el azulejo MUNUI EDEN RECT 30&#215;60. Este pavimento porcel\u00e1nico, rectificado para una instalaci\u00f3n impecable y uniones m\u00ednimas, redefine el concepto de revestimiento con su sutil dise\u00f1o que imita la textura textil. El color gris predominante, salpicado de suaves toques azules, crea una atm\u00f3sfera [&hellip;]<\/p>\n","protected":false},"featured_media":573165,"comment_status":"open","ping_status":"closed","template":"","meta":[],"product_brand":[],"product_cat":[562,563,561,564],"product_tag":[],"class_list":{"0":"post-573251","1":"product","2":"type-product","3":"status-publish","4":"has-post-thumbnail","6":"product_cat-badkamer-tegels","7":"product_cat-keuken-tegel","8":"product_cat-vloertegels","9":"product_cat-wandtegels","11":"first","12":"instock","13":"shipping-taxable","14":"purchasable","15":"product-type-simple"},"_links":{"self":[{"href":"https:\/\/tilefly.com\/nl\/wp-json\/wp\/v2\/product\/573251","targetHints":{"allow":["GET"]}}],"collection":[{"href":"https:\/\/tilefly.com\/nl\/wp-json\/wp\/v2\/product"}],"about":[{"href":"https:\/\/tilefly.com\/nl\/wp-json\/wp\/v2\/types\/product"}],"replies":[{"embeddable":true,"href":"https:\/\/tilefly.com\/nl\/wp-json\/wp\/v2\/comments?post=573251"}],"wp:featuredmedia":[{"embeddable":true,"href":"https:\/\/tilefly.com\/nl\/wp-json\/wp\/v2\/media\/573165"}],"wp:attachment":[{"href":"https:\/\/tilefly.com\/nl\/wp-json\/wp\/v2\/media?parent=573251"}],"wp:term":[{"taxonomy":"product_brand","embeddable":true,"href":"https:\/\/tilefly.com\/nl\/wp-json\/wp\/v2\/product_brand?post=573251"},{"taxonomy":"product_cat","embeddable":true,"href":"https:\/\/tilefly.com\/nl\/wp-json\/wp\/v2\/product_cat?post=573251"},{"taxonomy":"product_tag","embeddable":true,"href":"https:\/\/tilefly.com\/nl\/wp-json\/wp\/v2\/product_tag?post=573251"}],"curies":[{"name":"wp","href":"https:\/\/api.w.org\/{rel}","templated":true}]}}