{"id":570211,"date":"2025-03-11T20:07:58","date_gmt":"2025-03-11T19:07:58","guid":{"rendered":"https:\/\/tilefly.com\/producto\/antid-arenite-grey-mt-100x100-rect\/"},"modified":"2026-03-14T04:00:51","modified_gmt":"2026-03-14T03:00:51","slug":"antid-arenite-grey-mt-100x100-rect","status":"publish","type":"product","link":"https:\/\/tilefly.com\/nl\/product\/antid-arenite-grey-mt-100x100-rect\/","title":{"rendered":"ANTID ARENITE GREY MT 100X100 RECT"},"content":{"rendered":"<p>Descubre la elegancia atemporal del azulejo ANTID ARENITE GREY MT 100X100 RECT, una pieza que fusiona la belleza natural de la piedra con la sofisticaci\u00f3n del dise\u00f1o contempor\u00e1neo. Su tonalidad gris\u00e1cea, suave y neutra, proporciona una base vers\u00e1til para cualquier espacio, adapt\u00e1ndose con facilidad a diversos estilos decorativos. El formato de 100&#215;100 cm, junto con su acabado rectificado, garantiza una instalaci\u00f3n impecable con juntas m\u00ednimas, creando una superficie continua y visualmente armoniosa.<\/p><p>Fabricado en porcel\u00e1nico esmaltado mate, este azulejo no solo ofrece una est\u00e9tica impecable, sino tambi\u00e9n una durabilidad excepcional. Su resistencia al desgaste, a las manchas y a la humedad lo convierte en una opci\u00f3n ideal tanto para suelos como para paredes, en \u00e1reas de alto tr\u00e1fico o zonas h\u00famedas. La textura mate, sutilmente rugosa, proporciona un agarre seguro, minimizando el riesgo de deslizamientos.<\/p><p>La cuidadosa imitaci\u00f3n de la piedra y el cemento en su dise\u00f1o se aprecia en las ligeras variaciones de tono y las vetas sutiles que adornan la superficie, aportando un toque de autenticidad y calidez al ambiente. Este azulejo es perfecto para aquellos que buscan un equilibrio entre lo natural y lo moderno, creando espacios acogedores y llenos de estilo. An\u00edmate a explorar la colecci\u00f3n <a href='https:\/\/tilefly.com\/producto\/arenite'>ARENITE<\/a> y descubre c\u00f3mo transformar tus espacios con esta magn\u00edfica opci\u00f3n.<\/p>","protected":false},"excerpt":{"rendered":"<p>Descubre la elegancia atemporal del azulejo ANTID ARENITE GREY MT 100X100 RECT, una pieza que fusiona la belleza natural de la piedra con la sofisticaci\u00f3n del dise\u00f1o contempor\u00e1neo. Su tonalidad gris\u00e1cea, suave y neutra, proporciona una base vers\u00e1til para cualquier espacio, adapt\u00e1ndose con facilidad a diversos estilos decorativos. El formato de 100&#215;100 cm, junto con [&hellip;]<\/p>\n","protected":false},"featured_media":570199,"comment_status":"open","ping_status":"closed","template":"","meta":[],"product_brand":[],"product_cat":[353,354,355,356],"product_tag":[],"class_list":{"0":"post-570211","1":"product","2":"type-product","3":"status-publish","4":"has-post-thumbnail","6":"product_cat-carrelage","7":"product_cat-carrelage-salle-de-bain","8":"product_cat-cuisines","9":"product_cat-faiences","11":"first","12":"outofstock","13":"shipping-taxable","14":"purchasable","15":"product-type-simple"},"_links":{"self":[{"href":"https:\/\/tilefly.com\/nl\/wp-json\/wp\/v2\/product\/570211","targetHints":{"allow":["GET"]}}],"collection":[{"href":"https:\/\/tilefly.com\/nl\/wp-json\/wp\/v2\/product"}],"about":[{"href":"https:\/\/tilefly.com\/nl\/wp-json\/wp\/v2\/types\/product"}],"replies":[{"embeddable":true,"href":"https:\/\/tilefly.com\/nl\/wp-json\/wp\/v2\/comments?post=570211"}],"wp:featuredmedia":[{"embeddable":true,"href":"https:\/\/tilefly.com\/nl\/wp-json\/wp\/v2\/media\/570199"}],"wp:attachment":[{"href":"https:\/\/tilefly.com\/nl\/wp-json\/wp\/v2\/media?parent=570211"}],"wp:term":[{"taxonomy":"product_brand","embeddable":true,"href":"https:\/\/tilefly.com\/nl\/wp-json\/wp\/v2\/product_brand?post=570211"},{"taxonomy":"product_cat","embeddable":true,"href":"https:\/\/tilefly.com\/nl\/wp-json\/wp\/v2\/product_cat?post=570211"},{"taxonomy":"product_tag","embeddable":true,"href":"https:\/\/tilefly.com\/nl\/wp-json\/wp\/v2\/product_tag?post=570211"}],"curies":[{"name":"wp","href":"https:\/\/api.w.org\/{rel}","templated":true}]}}