{"id":552790,"date":"2025-02-14T13:51:20","date_gmt":"2025-02-14T12:51:20","guid":{"rendered":"https:\/\/tilefly.com\/producto\/hexa-boho-onyx-slow-139x16\/"},"modified":"2025-02-15T02:05:30","modified_gmt":"2025-02-15T01:05:30","slug":"hexa-boho-onyx-slow-139x16","status":"publish","type":"product","link":"https:\/\/tilefly.com\/nl\/product\/hexa-boho-onyx-slow-139x16\/","title":{"rendered":"HEXA BOHO ONYX SLOW 13,9X16"},"content":{"rendered":"<h2><strong>HEXA BOHO ONYX TRAAG 13,9X16<\/strong><\/h2><p>HEXA BOHO ONYX SLOW 13,9X16 uit de <a href=\"https:\/\/tilefly.com\/producto\/tonality\/\">TONALITY<\/a> serie combineert de elegantie van Onyx met een bohemien tintje dankzij de glanzende afwerking en details in grijstinten. Deze zeshoekige Porcellanato tegel van 13,9&#215;16 cm is perfect om originele ruimtes vol persoonlijkheid te cre\u00ebren. Stel je een keuken voor met een achterwand bekleed met dit moza\u00efek, waarin functionaliteit en stijl worden gecombineerd, of een commerci\u00eble ruimte die alle blikken naar zich toe trekt met zijn originaliteit en karakter.  <\/p>","protected":false},"excerpt":{"rendered":"<p>HEXA BOHO ONYX TRAAG 13,9X16HEXA BOHO ONYX SLOW 13,9X16 uit de TONALITY serie combineert de elegantie van Onyx met een bohemien tintje dankzij de glanzende afwerking en details in grijstinten. Deze zeshoekige Porcellanato tegel van 13,9&#215;16 cm is perfect om originele ruimtes vol persoonlijkheid te cre\u00ebren. Stel je een keuken voor met een achterwand bekleed [&hellip;]<\/p>\n","protected":false},"featured_media":551840,"comment_status":"open","ping_status":"closed","template":"","meta":[],"product_brand":[],"product_cat":[562,563,561,564],"product_tag":[],"class_list":{"0":"post-552790","1":"product","2":"type-product","3":"status-publish","4":"has-post-thumbnail","6":"product_cat-badkamer-tegels","7":"product_cat-keuken-tegel","8":"product_cat-vloertegels","9":"product_cat-wandtegels","11":"first","12":"instock","13":"shipping-taxable","14":"purchasable","15":"product-type-simple"},"_links":{"self":[{"href":"https:\/\/tilefly.com\/nl\/wp-json\/wp\/v2\/product\/552790","targetHints":{"allow":["GET"]}}],"collection":[{"href":"https:\/\/tilefly.com\/nl\/wp-json\/wp\/v2\/product"}],"about":[{"href":"https:\/\/tilefly.com\/nl\/wp-json\/wp\/v2\/types\/product"}],"replies":[{"embeddable":true,"href":"https:\/\/tilefly.com\/nl\/wp-json\/wp\/v2\/comments?post=552790"}],"wp:featuredmedia":[{"embeddable":true,"href":"https:\/\/tilefly.com\/nl\/wp-json\/wp\/v2\/media\/551840"}],"wp:attachment":[{"href":"https:\/\/tilefly.com\/nl\/wp-json\/wp\/v2\/media?parent=552790"}],"wp:term":[{"taxonomy":"product_brand","embeddable":true,"href":"https:\/\/tilefly.com\/nl\/wp-json\/wp\/v2\/product_brand?post=552790"},{"taxonomy":"product_cat","embeddable":true,"href":"https:\/\/tilefly.com\/nl\/wp-json\/wp\/v2\/product_cat?post=552790"},{"taxonomy":"product_tag","embeddable":true,"href":"https:\/\/tilefly.com\/nl\/wp-json\/wp\/v2\/product_tag?post=552790"}],"curies":[{"name":"wp","href":"https:\/\/api.w.org\/{rel}","templated":true}]}}