{"id":547874,"date":"2024-11-22T12:33:30","date_gmt":"2024-11-22T11:33:30","guid":{"rendered":"https:\/\/tilefly.com\/producto\/rex-cream-shine-25x75\/"},"modified":"2024-11-22T20:05:55","modified_gmt":"2024-11-22T19:05:55","slug":"rex-cream-shine-25x75","status":"publish","type":"product","link":"https:\/\/tilefly.com\/nl\/product\/rex-cream-shine-25x75\/","title":{"rendered":"REX CREAM SHINE 25X75"},"content":{"rendered":"<h2><strong>REX CR\u00c8ME GLANS 25X75<\/strong><\/h2><p>Transformeer je ruimtes met de elegante <strong>REX CREAM SHINE 25X75<\/strong>, een wandtegel die de warmte van de cr\u00e8metint combineert met een onberispelijke glanzende afwerking. Ge\u00efnspireerd door de tijdloze luxe van marmer, valt dit product op in elke omgeving, van badkamers tot woonkamers, en zorgt het voor een geraffineerde en eigentijdse touch. De afmetingen van 25&#215;75 cm maken het ideaal voor het cre\u00ebren van verbluffende visuele effecten op muren. Ontdek hoe dit ontwerp naadloos in je huis past en licht en stijl toevoegt. Ontdek meer over deze fascinerende collectie in onze <a href=\"https:\/\/tilefly.com\/producto\/rex\/\">Rex-serie<\/a>.    <\/p>","protected":false},"excerpt":{"rendered":"<p>REX CR\u00c8ME GLANS 25X75Transformeer je ruimtes met de elegante REX CREAM SHINE 25X75, een wandtegel die de warmte van de cr\u00e8metint combineert met een onberispelijke glanzende afwerking. Ge\u00efnspireerd door de tijdloze luxe van marmer, valt dit product op in elke omgeving, van badkamers tot woonkamers, en zorgt het voor een geraffineerde en eigentijdse touch. De [&hellip;]<\/p>\n","protected":false},"featured_media":547688,"comment_status":"open","ping_status":"closed","template":"","meta":[],"product_brand":[],"product_cat":[562,563,564],"product_tag":[],"class_list":{"0":"post-547874","1":"product","2":"type-product","3":"status-publish","4":"has-post-thumbnail","6":"product_cat-badkamer-tegels","7":"product_cat-keuken-tegel","8":"product_cat-wandtegels","10":"first","11":"outofstock","12":"shipping-taxable","13":"purchasable","14":"product-type-simple"},"_links":{"self":[{"href":"https:\/\/tilefly.com\/nl\/wp-json\/wp\/v2\/product\/547874","targetHints":{"allow":["GET"]}}],"collection":[{"href":"https:\/\/tilefly.com\/nl\/wp-json\/wp\/v2\/product"}],"about":[{"href":"https:\/\/tilefly.com\/nl\/wp-json\/wp\/v2\/types\/product"}],"replies":[{"embeddable":true,"href":"https:\/\/tilefly.com\/nl\/wp-json\/wp\/v2\/comments?post=547874"}],"wp:featuredmedia":[{"embeddable":true,"href":"https:\/\/tilefly.com\/nl\/wp-json\/wp\/v2\/media\/547688"}],"wp:attachment":[{"href":"https:\/\/tilefly.com\/nl\/wp-json\/wp\/v2\/media?parent=547874"}],"wp:term":[{"taxonomy":"product_brand","embeddable":true,"href":"https:\/\/tilefly.com\/nl\/wp-json\/wp\/v2\/product_brand?post=547874"},{"taxonomy":"product_cat","embeddable":true,"href":"https:\/\/tilefly.com\/nl\/wp-json\/wp\/v2\/product_cat?post=547874"},{"taxonomy":"product_tag","embeddable":true,"href":"https:\/\/tilefly.com\/nl\/wp-json\/wp\/v2\/product_tag?post=547874"}],"curies":[{"name":"wp","href":"https:\/\/api.w.org\/{rel}","templated":true}]}}