{"id":547540,"date":"2024-11-20T23:10:50","date_gmt":"2024-11-20T22:10:50","guid":{"rendered":"https:\/\/tilefly.com\/producto\/downtown-rose-57x232\/"},"modified":"2024-11-21T00:56:54","modified_gmt":"2024-11-20T23:56:54","slug":"downtown-rose-57x232","status":"publish","type":"product","link":"https:\/\/tilefly.com\/nl\/product\/downtown-rose-57x232\/","title":{"rendered":"DOWNTOWN ROSE 5,7X23,2"},"content":{"rendered":"<h2><strong>DOWNTOWN ROSE 5,7X23,2<\/strong><\/h2><p><strong>Downtown Rose 5,7&#215;23,2<\/strong> brengt een delicaat vleugje kleur met zijn roze tint, ideaal voor wie op zoek is naar een innovatief en warm design. Deze porcellanato vloertegel heeft een CLASS 2 antislip matte afwerking die functionaliteit en stijl garandeert. <\/p><p>Als onderdeel van de <a href=\"https:\/\/tilefly.com\/producto\/downtown\/\">Downtown<\/a> serie is dit meubel perfect voor ruimtes die willen opvallen met een modern en elegant ontwerp.<\/p><p>Transformeer je omgeving met dit op de stad ge\u00efnspireerde stuk, ideaal voor residenti\u00eble of commerci\u00eble projecten.<\/p>","protected":false},"excerpt":{"rendered":"<p>DOWNTOWN ROSE 5,7X23,2Downtown Rose 5,7&#215;23,2 brengt een delicaat vleugje kleur met zijn roze tint, ideaal voor wie op zoek is naar een innovatief en warm design. Deze porcellanato vloertegel heeft een CLASS 2 antislip matte afwerking die functionaliteit en stijl garandeert. Als onderdeel van de Downtown serie is dit meubel perfect voor ruimtes die willen [&hellip;]<\/p>\n","protected":false},"featured_media":546846,"comment_status":"open","ping_status":"closed","template":"","meta":[],"product_brand":[],"product_cat":[562,563,561,564],"product_tag":[],"class_list":{"0":"post-547540","1":"product","2":"type-product","3":"status-publish","4":"has-post-thumbnail","6":"product_cat-badkamer-tegels","7":"product_cat-keuken-tegel","8":"product_cat-vloertegels","9":"product_cat-wandtegels","11":"first","12":"instock","13":"shipping-taxable","14":"purchasable","15":"product-type-simple"},"_links":{"self":[{"href":"https:\/\/tilefly.com\/nl\/wp-json\/wp\/v2\/product\/547540","targetHints":{"allow":["GET"]}}],"collection":[{"href":"https:\/\/tilefly.com\/nl\/wp-json\/wp\/v2\/product"}],"about":[{"href":"https:\/\/tilefly.com\/nl\/wp-json\/wp\/v2\/types\/product"}],"replies":[{"embeddable":true,"href":"https:\/\/tilefly.com\/nl\/wp-json\/wp\/v2\/comments?post=547540"}],"wp:featuredmedia":[{"embeddable":true,"href":"https:\/\/tilefly.com\/nl\/wp-json\/wp\/v2\/media\/546846"}],"wp:attachment":[{"href":"https:\/\/tilefly.com\/nl\/wp-json\/wp\/v2\/media?parent=547540"}],"wp:term":[{"taxonomy":"product_brand","embeddable":true,"href":"https:\/\/tilefly.com\/nl\/wp-json\/wp\/v2\/product_brand?post=547540"},{"taxonomy":"product_cat","embeddable":true,"href":"https:\/\/tilefly.com\/nl\/wp-json\/wp\/v2\/product_cat?post=547540"},{"taxonomy":"product_tag","embeddable":true,"href":"https:\/\/tilefly.com\/nl\/wp-json\/wp\/v2\/product_tag?post=547540"}],"curies":[{"name":"wp","href":"https:\/\/api.w.org\/{rel}","templated":true}]}}