{"id":543604,"date":"2024-11-08T14:20:28","date_gmt":"2024-11-10T18:47:10","guid":{"rendered":"https:\/\/tilefly.com\/producto\/colorful\/"},"modified":"2024-11-10T19:47:10","modified_gmt":"2024-11-10T18:47:10","slug":"colorful","status":"publish","type":"product","link":"https:\/\/tilefly.com\/nl\/product\/colorful\/","title":{"rendered":"COLORFUL"},"content":{"rendered":"<h2>Kleurrijke serie<br \/><\/h2><p>Kleurrijk is positiviteit, vreugde en afwisseling in een collectie. Het brede kleurengamma van heldere en moderne tinten helpt de monotonie te doorbreken en laat zien dat effen muren niet saai zijn. De decors van de serie doen denken aan behangpapier en verkennen een zeer interessant lichtspel in hun afwerking. Colorful toont zijn veelzijdigheid met zijn klassieke en moderne prints. De bloemendessins zijn ge\u00efnspireerd op de natuur en verschillen sterk van elkaar, maar ze hebben \u00e9\u00e9n ding gemeen: ze zijn in staat om elke kamer met leven te vullen.<\/p>","protected":false},"excerpt":{"rendered":"<p>Kleurrijke serieKleurrijk is positiviteit, vreugde en afwisseling in een collectie. Het brede kleurengamma van heldere en moderne tinten helpt de monotonie te doorbreken en laat zien dat effen muren niet saai zijn. De decors van de serie doen denken aan behangpapier en verkennen een zeer interessant lichtspel in hun afwerking. Colorful toont zijn veelzijdigheid met [&hellip;]<\/p>\n","protected":false},"featured_media":540887,"comment_status":"closed","ping_status":"closed","template":"","meta":[],"product_brand":[],"product_cat":[562,563,564],"product_tag":[],"class_list":{"0":"post-543604","1":"product","2":"type-product","3":"status-publish","4":"has-post-thumbnail","6":"product_cat-badkamer-tegels","7":"product_cat-keuken-tegel","8":"product_cat-wandtegels","10":"first","11":"instock","12":"shipping-taxable","13":"product-type-grouped"},"_links":{"self":[{"href":"https:\/\/tilefly.com\/nl\/wp-json\/wp\/v2\/product\/543604","targetHints":{"allow":["GET"]}}],"collection":[{"href":"https:\/\/tilefly.com\/nl\/wp-json\/wp\/v2\/product"}],"about":[{"href":"https:\/\/tilefly.com\/nl\/wp-json\/wp\/v2\/types\/product"}],"replies":[{"embeddable":true,"href":"https:\/\/tilefly.com\/nl\/wp-json\/wp\/v2\/comments?post=543604"}],"wp:featuredmedia":[{"embeddable":true,"href":"https:\/\/tilefly.com\/nl\/wp-json\/wp\/v2\/media\/540887"}],"wp:attachment":[{"href":"https:\/\/tilefly.com\/nl\/wp-json\/wp\/v2\/media?parent=543604"}],"wp:term":[{"taxonomy":"product_brand","embeddable":true,"href":"https:\/\/tilefly.com\/nl\/wp-json\/wp\/v2\/product_brand?post=543604"},{"taxonomy":"product_cat","embeddable":true,"href":"https:\/\/tilefly.com\/nl\/wp-json\/wp\/v2\/product_cat?post=543604"},{"taxonomy":"product_tag","embeddable":true,"href":"https:\/\/tilefly.com\/nl\/wp-json\/wp\/v2\/product_tag?post=543604"}],"curies":[{"name":"wp","href":"https:\/\/api.w.org\/{rel}","templated":true}]}}