{"id":543389,"date":"2024-11-08T18:03:31","date_gmt":"2024-11-08T17:03:31","guid":{"rendered":"https:\/\/tilefly.com\/producto\/britannic-iron-lapatto-rect-60x120\/"},"modified":"2024-11-10T19:40:49","modified_gmt":"2024-11-10T18:40:49","slug":"britannic-iron-lapatto-rect-60x120","status":"publish","type":"product","link":"https:\/\/tilefly.com\/nl\/product\/britannic-iron-lapatto-rect-60x120\/","title":{"rendered":"BRITANNIC IRON LAPATTO RECT 60X120"},"content":{"rendered":"<h2><strong>BRITS IJZER LAPATTO RECT 60X120<\/strong><\/h2><p>Deze donkergrijze vloertegel met lapatto-afwerking voegt diepte en dynamiek toe aan elke ruimte. De gepolijste glans, ge\u00efnspireerd door verweerd metaal, speelt met licht en schaduw en cre\u00ebert een effect van beweging en elegantie. Ideaal voor omgevingen die op zoek zijn naar een industri\u00eble stijl met een vleugje verfijning. Het ontwerp weerspiegelt de essentie van metaal in een eigentijdse interpretatie.  <\/p>","protected":false},"excerpt":{"rendered":"<p>BRITS IJZER LAPATTO RECT 60X120Deze donkergrijze vloertegel met lapatto-afwerking voegt diepte en dynamiek toe aan elke ruimte. De gepolijste glans, ge\u00efnspireerd door verweerd metaal, speelt met licht en schaduw en cre\u00ebert een effect van beweging en elegantie. Ideaal voor omgevingen die op zoek zijn naar een industri\u00eble stijl met een vleugje verfijning. Het ontwerp weerspiegelt [&hellip;]<\/p>\n","protected":false},"featured_media":542520,"comment_status":"open","ping_status":"closed","template":"","meta":[],"product_brand":[],"product_cat":[562,563,561,564],"product_tag":[],"class_list":{"0":"post-543389","1":"product","2":"type-product","3":"status-publish","4":"has-post-thumbnail","6":"product_cat-badkamer-tegels","7":"product_cat-keuken-tegel","8":"product_cat-vloertegels","9":"product_cat-wandtegels","11":"first","12":"instock","13":"shipping-taxable","14":"purchasable","15":"product-type-simple"},"_links":{"self":[{"href":"https:\/\/tilefly.com\/nl\/wp-json\/wp\/v2\/product\/543389","targetHints":{"allow":["GET"]}}],"collection":[{"href":"https:\/\/tilefly.com\/nl\/wp-json\/wp\/v2\/product"}],"about":[{"href":"https:\/\/tilefly.com\/nl\/wp-json\/wp\/v2\/types\/product"}],"replies":[{"embeddable":true,"href":"https:\/\/tilefly.com\/nl\/wp-json\/wp\/v2\/comments?post=543389"}],"wp:featuredmedia":[{"embeddable":true,"href":"https:\/\/tilefly.com\/nl\/wp-json\/wp\/v2\/media\/542520"}],"wp:attachment":[{"href":"https:\/\/tilefly.com\/nl\/wp-json\/wp\/v2\/media?parent=543389"}],"wp:term":[{"taxonomy":"product_brand","embeddable":true,"href":"https:\/\/tilefly.com\/nl\/wp-json\/wp\/v2\/product_brand?post=543389"},{"taxonomy":"product_cat","embeddable":true,"href":"https:\/\/tilefly.com\/nl\/wp-json\/wp\/v2\/product_cat?post=543389"},{"taxonomy":"product_tag","embeddable":true,"href":"https:\/\/tilefly.com\/nl\/wp-json\/wp\/v2\/product_tag?post=543389"}],"curies":[{"name":"wp","href":"https:\/\/api.w.org\/{rel}","templated":true}]}}