{"id":543223,"date":"2024-11-10T19:15:23","date_gmt":"2024-11-10T18:15:23","guid":{"rendered":"https:\/\/tilefly.com\/producto\/hexa-magnetism-white-139x16\/"},"modified":"2024-11-10T19:35:47","modified_gmt":"2024-11-10T18:35:47","slug":"hexa-magnetism-white-139x16","status":"publish","type":"product","link":"https:\/\/tilefly.com\/nl\/product\/hexa-magnetism-white-139x16\/","title":{"rendered":"HEXA MAGNETISM WHITE 13,9X16"},"content":{"rendered":"<h2><strong>HEXA MAGNETISME WIT 13,9X16<\/strong><\/h2><p>Deze matwitte zeshoekige vloer combineert de verfijning van het metallic effect met een antislip oppervlak, ideaal voor intensief belopen ruimtes. Het geometrische ontwerp en de metallic afwerking zorgen voor helderheid en moderniteit en cre\u00ebren een aantrekkelijke en veilige omgeving. Het hexagonale formaat is ge\u00efnspireerd op de industri\u00eble stijl en maakt het een veelzijdige en elegante optie voor elk decoratieproject.  <\/p>","protected":false},"excerpt":{"rendered":"<p>HEXA MAGNETISME WIT 13,9X16Deze matwitte zeshoekige vloer combineert de verfijning van het metallic effect met een antislip oppervlak, ideaal voor intensief belopen ruimtes. Het geometrische ontwerp en de metallic afwerking zorgen voor helderheid en moderniteit en cre\u00ebren een aantrekkelijke en veilige omgeving. Het hexagonale formaat is ge\u00efnspireerd op de industri\u00eble stijl en maakt het een [&hellip;]<\/p>\n","protected":false},"featured_media":542749,"comment_status":"open","ping_status":"closed","template":"","meta":[],"product_brand":[],"product_cat":[562,563,561,564],"product_tag":[],"class_list":{"0":"post-543223","1":"product","2":"type-product","3":"status-publish","4":"has-post-thumbnail","6":"product_cat-badkamer-tegels","7":"product_cat-keuken-tegel","8":"product_cat-vloertegels","9":"product_cat-wandtegels","11":"first","12":"instock","13":"shipping-taxable","14":"purchasable","15":"product-type-simple"},"_links":{"self":[{"href":"https:\/\/tilefly.com\/nl\/wp-json\/wp\/v2\/product\/543223","targetHints":{"allow":["GET"]}}],"collection":[{"href":"https:\/\/tilefly.com\/nl\/wp-json\/wp\/v2\/product"}],"about":[{"href":"https:\/\/tilefly.com\/nl\/wp-json\/wp\/v2\/types\/product"}],"replies":[{"embeddable":true,"href":"https:\/\/tilefly.com\/nl\/wp-json\/wp\/v2\/comments?post=543223"}],"wp:featuredmedia":[{"embeddable":true,"href":"https:\/\/tilefly.com\/nl\/wp-json\/wp\/v2\/media\/542749"}],"wp:attachment":[{"href":"https:\/\/tilefly.com\/nl\/wp-json\/wp\/v2\/media?parent=543223"}],"wp:term":[{"taxonomy":"product_brand","embeddable":true,"href":"https:\/\/tilefly.com\/nl\/wp-json\/wp\/v2\/product_brand?post=543223"},{"taxonomy":"product_cat","embeddable":true,"href":"https:\/\/tilefly.com\/nl\/wp-json\/wp\/v2\/product_cat?post=543223"},{"taxonomy":"product_tag","embeddable":true,"href":"https:\/\/tilefly.com\/nl\/wp-json\/wp\/v2\/product_tag?post=543223"}],"curies":[{"name":"wp","href":"https:\/\/api.w.org\/{rel}","templated":true}]}}