{"id":539636,"date":"2023-03-22T16:31:42","date_gmt":"2023-03-22T15:31:42","guid":{"rendered":"https:\/\/tilefly.com\/producto\/gaudi-perla-20x20\/"},"modified":"2024-10-24T01:03:27","modified_gmt":"2024-10-23T23:03:27","slug":"gaudi-perla-20x20","status":"publish","type":"product","link":"https:\/\/tilefly.com\/nl\/product\/gaudi-perla-20x20\/","title":{"rendered":"GAUDI PERLA 20X20"},"content":{"rendered":"<h2>Tegel van porcellanato, formaat 20\u00d720 cm, in een intense parelgrijze tint.<\/h2><p>Ge\u00efnspireerd door het universum van de iconische wereldberoemde architect, is GAUD\u00cd een serie hydraulische tegels die zijn hypnotiserende decoratieve patronen combineert met een intens kleurenpalet. Deze serie belooft je mee te nemen naar de wereld van Gaud\u00ed, waar geometrie en natuur harmonieus samengaan. <\/p>","protected":false},"excerpt":{"rendered":"<p>Tegel van porcellanato, formaat 20\u00d720 cm, in een intense parelgrijze tint.Ge\u00efnspireerd door het universum van de iconische wereldberoemde architect, is GAUD\u00cd een serie hydraulische tegels die zijn hypnotiserende decoratieve patronen combineert met een intens kleurenpalet. Deze serie belooft je mee te nemen naar de wereld van Gaud\u00ed, waar geometrie en natuur harmonieus samengaan.<\/p>\n","protected":false},"featured_media":523211,"comment_status":"closed","ping_status":"closed","template":"","meta":[],"product_brand":[],"product_cat":[562,563,561,564,565],"product_tag":[],"class_list":{"0":"post-539636","1":"product","2":"type-product","3":"status-publish","4":"has-post-thumbnail","6":"product_cat-badkamer-tegels","7":"product_cat-keuken-tegel","8":"product_cat-vloertegels","9":"product_cat-wandtegels","10":"product_cat-woonkamer-tegels","12":"first","13":"outofstock","14":"shipping-taxable","15":"purchasable","16":"product-type-simple"},"_links":{"self":[{"href":"https:\/\/tilefly.com\/nl\/wp-json\/wp\/v2\/product\/539636","targetHints":{"allow":["GET"]}}],"collection":[{"href":"https:\/\/tilefly.com\/nl\/wp-json\/wp\/v2\/product"}],"about":[{"href":"https:\/\/tilefly.com\/nl\/wp-json\/wp\/v2\/types\/product"}],"replies":[{"embeddable":true,"href":"https:\/\/tilefly.com\/nl\/wp-json\/wp\/v2\/comments?post=539636"}],"wp:featuredmedia":[{"embeddable":true,"href":"https:\/\/tilefly.com\/nl\/wp-json\/wp\/v2\/media\/523211"}],"wp:attachment":[{"href":"https:\/\/tilefly.com\/nl\/wp-json\/wp\/v2\/media?parent=539636"}],"wp:term":[{"taxonomy":"product_brand","embeddable":true,"href":"https:\/\/tilefly.com\/nl\/wp-json\/wp\/v2\/product_brand?post=539636"},{"taxonomy":"product_cat","embeddable":true,"href":"https:\/\/tilefly.com\/nl\/wp-json\/wp\/v2\/product_cat?post=539636"},{"taxonomy":"product_tag","embeddable":true,"href":"https:\/\/tilefly.com\/nl\/wp-json\/wp\/v2\/product_tag?post=539636"}],"curies":[{"name":"wp","href":"https:\/\/api.w.org\/{rel}","templated":true}]}}