{"id":539631,"date":"2023-03-22T16:13:55","date_gmt":"2023-03-22T15:13:55","guid":{"rendered":"https:\/\/tilefly.com\/producto\/mila-20x20\/"},"modified":"2024-10-24T01:03:21","modified_gmt":"2024-10-23T23:03:21","slug":"mila-20x20","status":"publish","type":"product","link":"https:\/\/tilefly.com\/nl\/product\/mila-20x20\/","title":{"rendered":"MILA 20X20"},"content":{"rendered":"<h2>Tegel van Porcellanato met een hydraulische look, formaat 20\u00d720 cm, met een modern bloemenpatroon in grijs-, geel- en zwarttinten.<\/h2><p>GAUD\u00cd, ge\u00efnspireerd door het universum van de wereldberoemde architect, is een serie hydraulische tegels die zijn hypnotiserende decoratieve patronen combineert met een intens kleurenpalet. Deze serie belooft je mee te nemen naar de wereld van Gaud\u00ed, waar geometrie en natuur harmonieus samengaan. <\/p>","protected":false},"excerpt":{"rendered":"<p>Tegel van Porcellanato met een hydraulische look, formaat 20\u00d720 cm, met een modern bloemenpatroon in grijs-, geel- en zwarttinten.GAUD\u00cd, ge\u00efnspireerd door het universum van de wereldberoemde architect, is een serie hydraulische tegels die zijn hypnotiserende decoratieve patronen combineert met een intens kleurenpalet. Deze serie belooft je mee te nemen naar de wereld van Gaud\u00ed, waar [&hellip;]<\/p>\n","protected":false},"featured_media":523171,"comment_status":"closed","ping_status":"closed","template":"","meta":[],"product_brand":[],"product_cat":[562,563,561,564,565],"product_tag":[],"class_list":{"0":"post-539631","1":"product","2":"type-product","3":"status-publish","4":"has-post-thumbnail","6":"product_cat-badkamer-tegels","7":"product_cat-keuken-tegel","8":"product_cat-vloertegels","9":"product_cat-wandtegels","10":"product_cat-woonkamer-tegels","12":"first","13":"outofstock","14":"shipping-taxable","15":"purchasable","16":"product-type-simple"},"_links":{"self":[{"href":"https:\/\/tilefly.com\/nl\/wp-json\/wp\/v2\/product\/539631","targetHints":{"allow":["GET"]}}],"collection":[{"href":"https:\/\/tilefly.com\/nl\/wp-json\/wp\/v2\/product"}],"about":[{"href":"https:\/\/tilefly.com\/nl\/wp-json\/wp\/v2\/types\/product"}],"replies":[{"embeddable":true,"href":"https:\/\/tilefly.com\/nl\/wp-json\/wp\/v2\/comments?post=539631"}],"wp:featuredmedia":[{"embeddable":true,"href":"https:\/\/tilefly.com\/nl\/wp-json\/wp\/v2\/media\/523171"}],"wp:attachment":[{"href":"https:\/\/tilefly.com\/nl\/wp-json\/wp\/v2\/media?parent=539631"}],"wp:term":[{"taxonomy":"product_brand","embeddable":true,"href":"https:\/\/tilefly.com\/nl\/wp-json\/wp\/v2\/product_brand?post=539631"},{"taxonomy":"product_cat","embeddable":true,"href":"https:\/\/tilefly.com\/nl\/wp-json\/wp\/v2\/product_cat?post=539631"},{"taxonomy":"product_tag","embeddable":true,"href":"https:\/\/tilefly.com\/nl\/wp-json\/wp\/v2\/product_tag?post=539631"}],"curies":[{"name":"wp","href":"https:\/\/api.w.org\/{rel}","templated":true}]}}