{"id":539603,"date":"2023-05-12T23:25:09","date_gmt":"2023-05-12T21:25:09","guid":{"rendered":"https:\/\/tilefly.com\/producto\/sunny-rose-quartz-23x26\/"},"modified":"2024-10-24T01:02:30","modified_gmt":"2024-10-23T23:02:30","slug":"sunny-rose-quartz-23x26","status":"publish","type":"product","link":"https:\/\/tilefly.com\/nl\/product\/sunny-rose-quartz-23x26\/","title":{"rendered":"Sunny Rose Quartz 23X26"},"content":{"rendered":"<h1><strong>SUNNY ROZENKWARTS<\/strong><\/h1><p><\/p><h4>  formaat 23X26 van de MACBA-serie<\/h4><p><\/p><h5>Gevarieerde formaten, verrassende kleuren.<\/h5><p> <\/p><p>  Een oude Japanse legende, volgens welke een wens wordt vervuld voor degene die erin slaagt om duizend papieren kraanvogels te maken, vormt de inspiratiebron voor onze Klen collectie.  <\/p><h2>Klen serie<\/h2><p>  De basis is een zeer zacht, fluweelzacht cement, maar het meest kenmerkende aan deze serie is het reli\u00ebf dat origamifiguren reproduceert. Keramiek is immers verwant aan de kunst van het gevouwen papier: stukjes worden \u00e9\u00e9n voor \u00e9\u00e9n gemaakt, gevouwen en dan samengevoegd om het object te bouwen.   <\/p><h3>Een kleurrijke <a href=\"https:\/\/tilefly.com\/\">tegel<\/a> met moderne en verrassende formaten vol kenmerkend design.<\/h3><p>  De <a href=\"https:\/\/tilefly.com\/producto\/klen\/\">Klen<\/a> serie is verkrijgbaar in zes verschillende kleuren: blauw, terracotta, parelmoer, wit, paladium en grijs.  <\/p>","protected":false},"excerpt":{"rendered":"<p>SUNNY ROZENKWARTS formaat 23X26 van de MACBA-serieGevarieerde formaten, verrassende kleuren. Een oude Japanse legende, volgens welke een wens wordt vervuld voor degene die erin slaagt om duizend papieren kraanvogels te maken, vormt de inspiratiebron voor onze Klen collectie. Klen serie De basis is een zeer zacht, fluweelzacht cement, maar het meest kenmerkende aan deze serie [&hellip;]<\/p>\n","protected":false},"featured_media":523768,"comment_status":"open","ping_status":"closed","template":"","meta":[],"product_brand":[],"product_cat":[562,563,561,564],"product_tag":[],"class_list":{"0":"post-539603","1":"product","2":"type-product","3":"status-publish","4":"has-post-thumbnail","6":"product_cat-badkamer-tegels","7":"product_cat-keuken-tegel","8":"product_cat-vloertegels","9":"product_cat-wandtegels","11":"first","12":"instock","13":"shipping-taxable","14":"purchasable","15":"product-type-simple"},"_links":{"self":[{"href":"https:\/\/tilefly.com\/nl\/wp-json\/wp\/v2\/product\/539603","targetHints":{"allow":["GET"]}}],"collection":[{"href":"https:\/\/tilefly.com\/nl\/wp-json\/wp\/v2\/product"}],"about":[{"href":"https:\/\/tilefly.com\/nl\/wp-json\/wp\/v2\/types\/product"}],"replies":[{"embeddable":true,"href":"https:\/\/tilefly.com\/nl\/wp-json\/wp\/v2\/comments?post=539603"}],"wp:featuredmedia":[{"embeddable":true,"href":"https:\/\/tilefly.com\/nl\/wp-json\/wp\/v2\/media\/523768"}],"wp:attachment":[{"href":"https:\/\/tilefly.com\/nl\/wp-json\/wp\/v2\/media?parent=539603"}],"wp:term":[{"taxonomy":"product_brand","embeddable":true,"href":"https:\/\/tilefly.com\/nl\/wp-json\/wp\/v2\/product_brand?post=539603"},{"taxonomy":"product_cat","embeddable":true,"href":"https:\/\/tilefly.com\/nl\/wp-json\/wp\/v2\/product_cat?post=539603"},{"taxonomy":"product_tag","embeddable":true,"href":"https:\/\/tilefly.com\/nl\/wp-json\/wp\/v2\/product_tag?post=539603"}],"curies":[{"name":"wp","href":"https:\/\/api.w.org\/{rel}","templated":true}]}}