{"id":539590,"date":"2023-05-25T23:47:19","date_gmt":"2023-05-25T21:47:19","guid":{"rendered":"https:\/\/tilefly.com\/producto\/hexagon-nice-mix-23x26\/"},"modified":"2025-10-29T09:14:49","modified_gmt":"2025-10-29T08:14:49","slug":"hexagon-nice-mix-23x26","status":"publish","type":"product","link":"https:\/\/tilefly.com\/nl\/product\/hexagon-nice-mix-23x26\/","title":{"rendered":"Hexagon Nice Mix 23X26"},"content":{"rendered":"<h1><strong>Hexagon<\/strong><\/h1><p>&nbsp;<\/p><h4>Azulejo formato 23X26 de la serie STAY<\/h4><p>&nbsp;<\/p><h5>El tiempo de los colores ha llegado.<\/h5><p>&nbsp;<\/p><h2>Serie <a href=\"https:\/\/tilefly.com\/nl\/product\/stay\/\">Stay<\/a><\/h2><p>&nbsp;<\/p><p>Stay es una colecci\u00f3n minimalista, estudiada para que perdure en el tiempo. Su novedosos y atrevido dise\u00f1o JUK es un laberinto lleno de posibilidades para tus paredes. Sus colores de vanguardia dan a la colecci\u00f3n un toque sofisticado y que se complementa perfectamente con sus decorados Isla, nuestra apuesta m\u00e1s moderna que hace un gui\u00f1o al terrazo cl\u00e1sico.<\/p>","protected":false},"excerpt":{"rendered":"<p>Hexagon&nbsp;Azulejo formato 23X26 de la serie STAY&nbsp;El tiempo de los colores ha llegado.&nbsp;Serie Stay&nbsp;Stay es una colecci\u00f3n minimalista, estudiada para que perdure en el tiempo. Su novedosos y atrevido dise\u00f1o JUK es un laberinto lleno de posibilidades para tus paredes. Sus colores de vanguardia dan a la colecci\u00f3n un toque sofisticado y que se complementa [&hellip;]<\/p>\n","protected":false},"featured_media":524171,"comment_status":"open","ping_status":"closed","template":"","meta":[],"product_brand":[],"product_cat":[562,563,561,564],"product_tag":[],"class_list":{"0":"post-539590","1":"product","2":"type-product","3":"status-publish","4":"has-post-thumbnail","6":"product_cat-badkamer-tegels","7":"product_cat-keuken-tegel","8":"product_cat-vloertegels","9":"product_cat-wandtegels","11":"first","12":"instock","13":"shipping-taxable","14":"purchasable","15":"product-type-simple"},"_links":{"self":[{"href":"https:\/\/tilefly.com\/nl\/wp-json\/wp\/v2\/product\/539590","targetHints":{"allow":["GET"]}}],"collection":[{"href":"https:\/\/tilefly.com\/nl\/wp-json\/wp\/v2\/product"}],"about":[{"href":"https:\/\/tilefly.com\/nl\/wp-json\/wp\/v2\/types\/product"}],"replies":[{"embeddable":true,"href":"https:\/\/tilefly.com\/nl\/wp-json\/wp\/v2\/comments?post=539590"}],"wp:featuredmedia":[{"embeddable":true,"href":"https:\/\/tilefly.com\/nl\/wp-json\/wp\/v2\/media\/524171"}],"wp:attachment":[{"href":"https:\/\/tilefly.com\/nl\/wp-json\/wp\/v2\/media?parent=539590"}],"wp:term":[{"taxonomy":"product_brand","embeddable":true,"href":"https:\/\/tilefly.com\/nl\/wp-json\/wp\/v2\/product_brand?post=539590"},{"taxonomy":"product_cat","embeddable":true,"href":"https:\/\/tilefly.com\/nl\/wp-json\/wp\/v2\/product_cat?post=539590"},{"taxonomy":"product_tag","embeddable":true,"href":"https:\/\/tilefly.com\/nl\/wp-json\/wp\/v2\/product_tag?post=539590"}],"curies":[{"name":"wp","href":"https:\/\/api.w.org\/{rel}","templated":true}]}}