{"id":538987,"date":"2020-10-13T00:49:27","date_gmt":"2024-08-27T19:57:51","guid":{"rendered":"https:\/\/tilefly.com\/producto\/arco-hueso-15x15\/"},"modified":"2024-08-27T21:57:51","modified_gmt":"2024-08-27T19:57:51","slug":"arco-hueso-15x15","status":"publish","type":"product","link":"https:\/\/tilefly.com\/nl\/product\/arco-hueso-15x15\/","title":{"rendered":"ARCO HUESO 15X15"},"content":{"rendered":"<p>15\u00d715 cm gebroken witte tegel in glanzende afwerking, met zachte kleurvariaties.<br \/>Het boogvormige reli\u00ebf maakt verschillende plaatsingen mogelijk.<br \/>ARCO is een decoratie uit de TARANTELA serie, een eenvoudig boogvormig reli\u00ebf waarmee je kunt spelen met de installatie om verschillende geometrie\u00ebn te verkrijgen.<br \/>Verkrijgbaar in vier frisse en heldere kleuren: de delicate BONE en VANILLA brengen helderheid en de MINT of BLUE brengen de frisheid van de natuur. De tegel in klein formaat is een ideale optie om elke ruimte een warme en uitnodigende toets te geven.<br \/>Durf de verschillende kleuren te combineren en speel met hun vorm! gemakkelijk te reinigen interieur wandtegels    <\/p>","protected":false},"excerpt":{"rendered":"<p>15\u00d715 cm gebroken witte tegel in glanzende afwerking, met zachte kleurvariaties.Het boogvormige reli\u00ebf maakt verschillende plaatsingen mogelijk.ARCO is een decoratie uit de TARANTELA serie, een eenvoudig boogvormig reli\u00ebf waarmee je kunt spelen met de installatie om verschillende geometrie\u00ebn te verkrijgen.Verkrijgbaar in vier frisse en heldere kleuren: de delicate BONE en VANILLA brengen helderheid en de [&hellip;]<\/p>\n","protected":false},"featured_media":538989,"comment_status":"open","ping_status":"closed","template":"","meta":[],"product_brand":[],"product_cat":[562,563,564],"product_tag":[],"class_list":{"0":"post-538987","1":"product","2":"type-product","3":"status-publish","4":"has-post-thumbnail","6":"product_cat-badkamer-tegels","7":"product_cat-keuken-tegel","8":"product_cat-wandtegels","10":"first","11":"instock","12":"shipping-taxable","13":"purchasable","14":"product-type-simple"},"_links":{"self":[{"href":"https:\/\/tilefly.com\/nl\/wp-json\/wp\/v2\/product\/538987","targetHints":{"allow":["GET"]}}],"collection":[{"href":"https:\/\/tilefly.com\/nl\/wp-json\/wp\/v2\/product"}],"about":[{"href":"https:\/\/tilefly.com\/nl\/wp-json\/wp\/v2\/types\/product"}],"replies":[{"embeddable":true,"href":"https:\/\/tilefly.com\/nl\/wp-json\/wp\/v2\/comments?post=538987"}],"wp:featuredmedia":[{"embeddable":true,"href":"https:\/\/tilefly.com\/nl\/wp-json\/wp\/v2\/media\/538989"}],"wp:attachment":[{"href":"https:\/\/tilefly.com\/nl\/wp-json\/wp\/v2\/media?parent=538987"}],"wp:term":[{"taxonomy":"product_brand","embeddable":true,"href":"https:\/\/tilefly.com\/nl\/wp-json\/wp\/v2\/product_brand?post=538987"},{"taxonomy":"product_cat","embeddable":true,"href":"https:\/\/tilefly.com\/nl\/wp-json\/wp\/v2\/product_cat?post=538987"},{"taxonomy":"product_tag","embeddable":true,"href":"https:\/\/tilefly.com\/nl\/wp-json\/wp\/v2\/product_tag?post=538987"}],"curies":[{"name":"wp","href":"https:\/\/api.w.org\/{rel}","templated":true}]}}