{"id":538513,"date":"2022-02-17T09:08:40","date_gmt":"2022-02-17T08:08:40","guid":{"rendered":"https:\/\/tilefly.com\/producto\/klen-blue-25x75\/"},"modified":"2024-08-27T21:49:05","modified_gmt":"2024-08-27T19:49:05","slug":"klen-blue-25x75","status":"publish","type":"product","link":"https:\/\/tilefly.com\/nl\/product\/klen-blue-25x75\/","title":{"rendered":"KLEN BLUE 25X75"},"content":{"rendered":"<p>De basis is een zeer zacht, fluweelzacht cement, maar het meest kenmerkende aan deze serie is het reli\u00ebf dat origamifiguren reproduceert.<br \/>Keramiek is immers verwant aan de kunst van het gevouwen papier: stukjes worden \u00e9\u00e9n voor \u00e9\u00e9n gemaakt, gevouwen en dan samengevoegd om het object te bouwen.<br \/>Klen is verkrijgbaar in zes verschillende kleuren: blauw, terracotta, parelmoer, wit, paladium en grijs.  <\/p>","protected":false},"excerpt":{"rendered":"<p>De basis is een zeer zacht, fluweelzacht cement, maar het meest kenmerkende aan deze serie is het reli\u00ebf dat origamifiguren reproduceert.Keramiek is immers verwant aan de kunst van het gevouwen papier: stukjes worden \u00e9\u00e9n voor \u00e9\u00e9n gemaakt, gevouwen en dan samengevoegd om het object te bouwen.Klen is verkrijgbaar in zes verschillende kleuren: blauw, terracotta, parelmoer, [&hellip;]<\/p>\n","protected":false},"featured_media":538515,"comment_status":"closed","ping_status":"closed","template":"","meta":[],"product_brand":[],"product_cat":[562,563,564],"product_tag":[],"class_list":{"0":"post-538513","1":"product","2":"type-product","3":"status-publish","4":"has-post-thumbnail","6":"product_cat-badkamer-tegels","7":"product_cat-keuken-tegel","8":"product_cat-wandtegels","10":"first","11":"instock","12":"shipping-taxable","13":"purchasable","14":"product-type-simple"},"_links":{"self":[{"href":"https:\/\/tilefly.com\/nl\/wp-json\/wp\/v2\/product\/538513","targetHints":{"allow":["GET"]}}],"collection":[{"href":"https:\/\/tilefly.com\/nl\/wp-json\/wp\/v2\/product"}],"about":[{"href":"https:\/\/tilefly.com\/nl\/wp-json\/wp\/v2\/types\/product"}],"replies":[{"embeddable":true,"href":"https:\/\/tilefly.com\/nl\/wp-json\/wp\/v2\/comments?post=538513"}],"wp:featuredmedia":[{"embeddable":true,"href":"https:\/\/tilefly.com\/nl\/wp-json\/wp\/v2\/media\/538515"}],"wp:attachment":[{"href":"https:\/\/tilefly.com\/nl\/wp-json\/wp\/v2\/media?parent=538513"}],"wp:term":[{"taxonomy":"product_brand","embeddable":true,"href":"https:\/\/tilefly.com\/nl\/wp-json\/wp\/v2\/product_brand?post=538513"},{"taxonomy":"product_cat","embeddable":true,"href":"https:\/\/tilefly.com\/nl\/wp-json\/wp\/v2\/product_cat?post=538513"},{"taxonomy":"product_tag","embeddable":true,"href":"https:\/\/tilefly.com\/nl\/wp-json\/wp\/v2\/product_tag?post=538513"}],"curies":[{"name":"wp","href":"https:\/\/api.w.org\/{rel}","templated":true}]}}