{"id":538028,"date":"2020-10-16T07:46:07","date_gmt":"2020-10-16T05:46:07","guid":{"rendered":"https:\/\/tilefly.com\/producto\/lucciola-hueso-15x15\/"},"modified":"2024-08-27T21:42:18","modified_gmt":"2024-08-27T19:42:18","slug":"lucciola-hueso-15x15","status":"publish","type":"product","link":"https:\/\/tilefly.com\/nl\/product\/lucciola-hueso-15x15\/","title":{"rendered":"LUCCIOLA HUESO 15X15"},"content":{"rendered":"<p>Tegel in beige reli\u00ebf, formaat 15\u00d715 cm en glanzende afwerking, met vloeiende kleurvariaties.<br \/>Het bestaat uit vier verschillende reli\u00ebfs die willekeurig door elkaar worden geserveerd.<br \/>LUCCIOLA is een decoratie uit de TARANTELA-serie, een set van vier reli\u00ebfs die de klassieke figuren van hydraulische tegels reproduceren.<br \/>Ze kunnen worden gebruikt in grote oppervlakken of om een specifiek gebied te accentueren, in combinatie met de effen tegels in dezelfde kleur.<br \/>Verkrijgbaar in vier frisse en heldere kleuren: de delicate BONE en VANILLA brengen helderheid en de MINT of BLUE brengen de frisheid van de natuur. De tegel in klein formaat is een ideale optie om elke ruimte een warme en uitnodigende toets te geven.<br \/>Durf de verschillende kleuren te combineren en speel met hun vorm! binnenmuren     <\/p>","protected":false},"excerpt":{"rendered":"<p>Tegel in beige reli\u00ebf, formaat 15\u00d715 cm en glanzende afwerking, met vloeiende kleurvariaties.Het bestaat uit vier verschillende reli\u00ebfs die willekeurig door elkaar worden geserveerd.LUCCIOLA is een decoratie uit de TARANTELA-serie, een set van vier reli\u00ebfs die de klassieke figuren van hydraulische tegels reproduceren.Ze kunnen worden gebruikt in grote oppervlakken of om een specifiek gebied te [&hellip;]<\/p>\n","protected":false},"featured_media":579992,"comment_status":"open","ping_status":"closed","template":"","meta":[],"product_brand":[],"product_cat":[562,563,564],"product_tag":[],"class_list":{"0":"post-538028","1":"product","2":"type-product","3":"status-publish","4":"has-post-thumbnail","6":"product_cat-badkamer-tegels","7":"product_cat-keuken-tegel","8":"product_cat-wandtegels","10":"first","11":"instock","12":"shipping-taxable","13":"purchasable","14":"product-type-simple"},"_links":{"self":[{"href":"https:\/\/tilefly.com\/nl\/wp-json\/wp\/v2\/product\/538028","targetHints":{"allow":["GET"]}}],"collection":[{"href":"https:\/\/tilefly.com\/nl\/wp-json\/wp\/v2\/product"}],"about":[{"href":"https:\/\/tilefly.com\/nl\/wp-json\/wp\/v2\/types\/product"}],"replies":[{"embeddable":true,"href":"https:\/\/tilefly.com\/nl\/wp-json\/wp\/v2\/comments?post=538028"}],"wp:featuredmedia":[{"embeddable":true,"href":"https:\/\/tilefly.com\/nl\/wp-json\/wp\/v2\/media\/579992"}],"wp:attachment":[{"href":"https:\/\/tilefly.com\/nl\/wp-json\/wp\/v2\/media?parent=538028"}],"wp:term":[{"taxonomy":"product_brand","embeddable":true,"href":"https:\/\/tilefly.com\/nl\/wp-json\/wp\/v2\/product_brand?post=538028"},{"taxonomy":"product_cat","embeddable":true,"href":"https:\/\/tilefly.com\/nl\/wp-json\/wp\/v2\/product_cat?post=538028"},{"taxonomy":"product_tag","embeddable":true,"href":"https:\/\/tilefly.com\/nl\/wp-json\/wp\/v2\/product_tag?post=538028"}],"curies":[{"name":"wp","href":"https:\/\/api.w.org\/{rel}","templated":true}]}}