{"id":538022,"date":"2020-10-16T07:46:07","date_gmt":"2020-10-16T05:46:07","guid":{"rendered":"https:\/\/tilefly.com\/producto\/lucciola-bronce-15x15\/"},"modified":"2024-08-27T21:42:13","modified_gmt":"2024-08-27T19:42:13","slug":"lucciola-bronce-15x15","status":"publish","type":"product","link":"https:\/\/tilefly.com\/nl\/product\/lucciola-bronce-15x15\/","title":{"rendered":"LUCCIOLA BRONCE 15X15"},"content":{"rendered":"<p>Metallic keramische tegel.<br \/>Met reli\u00ebf, formaat 15\u00d715 cm en verouderde afwerking.<br \/>Vloeiende variaties in toon.<br \/>Vier verschillende reli\u00ebfs die willekeurig door elkaar worden geserveerd.<br \/>LUCCIOLA is een decoratie uit de TARANTELA-serie, een set van vier reli\u00ebfs die de klassieke figuren van hydraulische tegels reproduceren.<br \/>De verouderde bronzen look van deze tegel maakt het een ideale decoratieve optie voor huishoudelijke ruimtes zoals badkamers, keukens of gangen, maar ook voor openbare ruimtes, zoals bars, decoratieve muurschilderingen, restaurants, enz. De tegel van klein formaat is een ideale optie om elke ruimte een warme en gastvrije uitstraling te geven.<br \/>Durf de verschillende kleuren te combineren en speel met de vorm! gemakkelijk te reinigen interieur wandtegels        <\/p>","protected":false},"excerpt":{"rendered":"<p>Metallic keramische tegel.Met reli\u00ebf, formaat 15\u00d715 cm en verouderde afwerking.Vloeiende variaties in toon.Vier verschillende reli\u00ebfs die willekeurig door elkaar worden geserveerd.LUCCIOLA is een decoratie uit de TARANTELA-serie, een set van vier reli\u00ebfs die de klassieke figuren van hydraulische tegels reproduceren.De verouderde bronzen look van deze tegel maakt het een ideale decoratieve optie voor huishoudelijke ruimtes [&hellip;]<\/p>\n","protected":false},"featured_media":579990,"comment_status":"open","ping_status":"closed","template":"","meta":[],"product_brand":[],"product_cat":[562,563,564],"product_tag":[],"class_list":{"0":"post-538022","1":"product","2":"type-product","3":"status-publish","4":"has-post-thumbnail","6":"product_cat-badkamer-tegels","7":"product_cat-keuken-tegel","8":"product_cat-wandtegels","10":"first","11":"outofstock","12":"shipping-taxable","13":"purchasable","14":"product-type-simple"},"_links":{"self":[{"href":"https:\/\/tilefly.com\/nl\/wp-json\/wp\/v2\/product\/538022","targetHints":{"allow":["GET"]}}],"collection":[{"href":"https:\/\/tilefly.com\/nl\/wp-json\/wp\/v2\/product"}],"about":[{"href":"https:\/\/tilefly.com\/nl\/wp-json\/wp\/v2\/types\/product"}],"replies":[{"embeddable":true,"href":"https:\/\/tilefly.com\/nl\/wp-json\/wp\/v2\/comments?post=538022"}],"wp:featuredmedia":[{"embeddable":true,"href":"https:\/\/tilefly.com\/nl\/wp-json\/wp\/v2\/media\/579990"}],"wp:attachment":[{"href":"https:\/\/tilefly.com\/nl\/wp-json\/wp\/v2\/media?parent=538022"}],"wp:term":[{"taxonomy":"product_brand","embeddable":true,"href":"https:\/\/tilefly.com\/nl\/wp-json\/wp\/v2\/product_brand?post=538022"},{"taxonomy":"product_cat","embeddable":true,"href":"https:\/\/tilefly.com\/nl\/wp-json\/wp\/v2\/product_cat?post=538022"},{"taxonomy":"product_tag","embeddable":true,"href":"https:\/\/tilefly.com\/nl\/wp-json\/wp\/v2\/product_tag?post=538022"}],"curies":[{"name":"wp","href":"https:\/\/api.w.org\/{rel}","templated":true}]}}