{"id":533570,"date":"2020-09-08T14:51:12","date_gmt":"2024-08-13T13:17:46","guid":{"rendered":"https:\/\/tilefly.com\/producto\/loft-beige-pulido-60x60\/"},"modified":"2024-08-13T15:17:46","modified_gmt":"2024-08-13T13:17:46","slug":"loft-beige-pulido-60x60","status":"publish","type":"product","link":"https:\/\/tilefly.com\/nl\/product\/loft-beige-pulido-60x60\/","title":{"rendered":"LOFT BEIGE PULIDO 60X60"},"content":{"rendered":"<p>Ge\u00ebmailleerd Porcellanato in verschillende afwerkingen Serie die natuurlijk cement nabootst op zoek naar industri\u00eble en kosmopolitisch ge\u00efnspireerde ruimtes.<br \/>De Loft-serie is een op cement ge\u00efnspireerd porcellanato dat de ruimte waarin het wordt toegepast een industri\u00eble en stedelijke afwerking geeft in de zuiverste New Yorkse stijl.<br \/>Deze serie bestaat uit vijf tinten, met drie formaten en drie afwerkingen &#8211; naturel, gepolijst en lappato &#8211; in elk daarvan.<br \/>Daarnaast wordt de serie aangevuld met drie decoratieve oplossingen met veel karakter en identiteit.<br \/>Om al deze redenen is Loft de collectie zelf.<br \/>De vele combinaties en toepassingen maken van de ruimte waarin ze worden geplaatst een plek van design en grote persoonlijkheid.     <\/p>","protected":false},"excerpt":{"rendered":"<p>Ge\u00ebmailleerd Porcellanato in verschillende afwerkingen Serie die natuurlijk cement nabootst op zoek naar industri\u00eble en kosmopolitisch ge\u00efnspireerde ruimtes.De Loft-serie is een op cement ge\u00efnspireerd porcellanato dat de ruimte waarin het wordt toegepast een industri\u00eble en stedelijke afwerking geeft in de zuiverste New Yorkse stijl.Deze serie bestaat uit vijf tinten, met drie formaten en drie afwerkingen [&hellip;]<\/p>\n","protected":false},"featured_media":82348,"comment_status":"open","ping_status":"closed","template":"","meta":[],"product_brand":[],"product_cat":[562,563,561,564],"product_tag":[],"class_list":{"0":"post-533570","1":"product","2":"type-product","3":"status-publish","4":"has-post-thumbnail","6":"product_cat-badkamer-tegels","7":"product_cat-keuken-tegel","8":"product_cat-vloertegels","9":"product_cat-wandtegels","11":"first","12":"outofstock","13":"shipping-taxable","14":"purchasable","15":"product-type-simple"},"_links":{"self":[{"href":"https:\/\/tilefly.com\/nl\/wp-json\/wp\/v2\/product\/533570","targetHints":{"allow":["GET"]}}],"collection":[{"href":"https:\/\/tilefly.com\/nl\/wp-json\/wp\/v2\/product"}],"about":[{"href":"https:\/\/tilefly.com\/nl\/wp-json\/wp\/v2\/types\/product"}],"replies":[{"embeddable":true,"href":"https:\/\/tilefly.com\/nl\/wp-json\/wp\/v2\/comments?post=533570"}],"wp:featuredmedia":[{"embeddable":true,"href":"https:\/\/tilefly.com\/nl\/wp-json\/wp\/v2\/media\/82348"}],"wp:attachment":[{"href":"https:\/\/tilefly.com\/nl\/wp-json\/wp\/v2\/media?parent=533570"}],"wp:term":[{"taxonomy":"product_brand","embeddable":true,"href":"https:\/\/tilefly.com\/nl\/wp-json\/wp\/v2\/product_brand?post=533570"},{"taxonomy":"product_cat","embeddable":true,"href":"https:\/\/tilefly.com\/nl\/wp-json\/wp\/v2\/product_cat?post=533570"},{"taxonomy":"product_tag","embeddable":true,"href":"https:\/\/tilefly.com\/nl\/wp-json\/wp\/v2\/product_tag?post=533570"}],"curies":[{"name":"wp","href":"https:\/\/api.w.org\/{rel}","templated":true}]}}