{"id":526208,"date":"2024-01-26T17:07:46","date_gmt":"2024-01-26T16:07:46","guid":{"rendered":"https:\/\/tilefly.com\/producto\/blaze-haya-mt-15x90\/"},"modified":"2024-05-06T21:51:40","modified_gmt":"2024-05-06T19:51:40","slug":"blaze-haya-mt-15x90","status":"publish","type":"product","link":"https:\/\/tilefly.com\/nl\/product\/blaze-haya-mt-15x90\/","title":{"rendered":"BLAZE HAYA MT 15X90"},"content":{"rendered":"<h1><strong>Azulejo Porcel\u00e1nico Esmaltado BLAZE HAYA MT 15X90<\/strong><\/h1><p>Este azulejo de la serie BLAZE en formato 15X90 es un azulejo Porcel\u00e1nico Esmaltado de color Haya en acabado Mate<\/p><h2>BLAZE HAYA MT 15X90<\/h2><p>El azulejo BLAZE HAYA MT 15X90 es una elecci\u00f3n elegante con su acabado mate y color haya. Aporta la belleza de la madera a tus espacios interiores, creando un ambiente acogedor. Su formato alargado es perfecto para dise\u00f1os contempor\u00e1neos y tradicionales.<\/p>","protected":false},"excerpt":{"rendered":"<p>Azulejo Porcel\u00e1nico Esmaltado BLAZE HAYA MT 15X90Este azulejo de la serie BLAZE en formato 15X90 es un azulejo Porcel\u00e1nico Esmaltado de color Haya en acabado MateBLAZE HAYA MT 15X90El azulejo BLAZE HAYA MT 15X90 es una elecci\u00f3n elegante con su acabado mate y color haya. Aporta la belleza de la madera a tus espacios interiores, [&hellip;]<\/p>\n","protected":false},"featured_media":526196,"comment_status":"open","ping_status":"closed","template":"","meta":[],"product_brand":[],"product_cat":[303,305,306,304],"product_tag":[],"class_list":{"0":"post-526208","1":"product","2":"type-product","3":"status-publish","4":"has-post-thumbnail","6":"product_cat-baldosas","7":"product_cat-banos","8":"product_cat-cocina","9":"product_cat-revestimiento","11":"first","12":"instock","13":"shipping-taxable","14":"purchasable","15":"product-type-simple"},"_links":{"self":[{"href":"https:\/\/tilefly.com\/nl\/wp-json\/wp\/v2\/product\/526208","targetHints":{"allow":["GET"]}}],"collection":[{"href":"https:\/\/tilefly.com\/nl\/wp-json\/wp\/v2\/product"}],"about":[{"href":"https:\/\/tilefly.com\/nl\/wp-json\/wp\/v2\/types\/product"}],"replies":[{"embeddable":true,"href":"https:\/\/tilefly.com\/nl\/wp-json\/wp\/v2\/comments?post=526208"}],"wp:featuredmedia":[{"embeddable":true,"href":"https:\/\/tilefly.com\/nl\/wp-json\/wp\/v2\/media\/526196"}],"wp:attachment":[{"href":"https:\/\/tilefly.com\/nl\/wp-json\/wp\/v2\/media?parent=526208"}],"wp:term":[{"taxonomy":"product_brand","embeddable":true,"href":"https:\/\/tilefly.com\/nl\/wp-json\/wp\/v2\/product_brand?post=526208"},{"taxonomy":"product_cat","embeddable":true,"href":"https:\/\/tilefly.com\/nl\/wp-json\/wp\/v2\/product_cat?post=526208"},{"taxonomy":"product_tag","embeddable":true,"href":"https:\/\/tilefly.com\/nl\/wp-json\/wp\/v2\/product_tag?post=526208"}],"curies":[{"name":"wp","href":"https:\/\/api.w.org\/{rel}","templated":true}]}}