{"id":526169,"date":"2024-01-26T17:07:00","date_gmt":"2024-01-26T16:07:00","guid":{"rendered":"https:\/\/tilefly.com\/producto\/blaze-nogal-mt-15x90\/"},"modified":"2024-05-06T21:51:39","modified_gmt":"2024-05-06T19:51:39","slug":"blaze-nogal-mt-15x90","status":"publish","type":"product","link":"https:\/\/tilefly.com\/nl\/product\/blaze-nogal-mt-15x90\/","title":{"rendered":"BLAZE NOGAL MT 15X90"},"content":{"rendered":"<h1><strong>Azulejo Porcel\u00e1nico Esmaltado BLAZE NOGAL MT 15X90<\/strong><\/h1><p>Este azulejo de la serie BLAZE en formato 15X90 es un azulejo Porcel\u00e1nico Esmaltado de color Nogal en acabado Mate<\/p><h2>BLAZE NOGAL MT 15X90<\/h2><p>El azulejo BLAZE NOGAL MT 15X90 es una opci\u00f3n vers\u00e1til con su acabado mate y color nogal. Perfecto para interiores, este azulejo porcel\u00e1nico ofrece la belleza de la madera con la durabilidad y facilidad de mantenimiento. Su formato alargado es ideal para una variedad de dise\u00f1os.<\/p>","protected":false},"excerpt":{"rendered":"<p>Azulejo Porcel\u00e1nico Esmaltado BLAZE NOGAL MT 15X90Este azulejo de la serie BLAZE en formato 15X90 es un azulejo Porcel\u00e1nico Esmaltado de color Nogal en acabado MateBLAZE NOGAL MT 15X90El azulejo BLAZE NOGAL MT 15X90 es una opci\u00f3n vers\u00e1til con su acabado mate y color nogal. Perfecto para interiores, este azulejo porcel\u00e1nico ofrece la belleza de [&hellip;]<\/p>\n","protected":false},"featured_media":526157,"comment_status":"open","ping_status":"closed","template":"","meta":[],"product_brand":[],"product_cat":[456,457,458,459],"product_tag":[],"class_list":{"0":"post-526169","1":"product","2":"type-product","3":"status-publish","4":"has-post-thumbnail","6":"product_cat-vohnzimmer","7":"product_cat-badezimmer","8":"product_cat-kuchen","9":"product_cat-wandfliesen","11":"first","12":"instock","13":"shipping-taxable","14":"purchasable","15":"product-type-simple"},"_links":{"self":[{"href":"https:\/\/tilefly.com\/nl\/wp-json\/wp\/v2\/product\/526169","targetHints":{"allow":["GET"]}}],"collection":[{"href":"https:\/\/tilefly.com\/nl\/wp-json\/wp\/v2\/product"}],"about":[{"href":"https:\/\/tilefly.com\/nl\/wp-json\/wp\/v2\/types\/product"}],"replies":[{"embeddable":true,"href":"https:\/\/tilefly.com\/nl\/wp-json\/wp\/v2\/comments?post=526169"}],"wp:featuredmedia":[{"embeddable":true,"href":"https:\/\/tilefly.com\/nl\/wp-json\/wp\/v2\/media\/526157"}],"wp:attachment":[{"href":"https:\/\/tilefly.com\/nl\/wp-json\/wp\/v2\/media?parent=526169"}],"wp:term":[{"taxonomy":"product_brand","embeddable":true,"href":"https:\/\/tilefly.com\/nl\/wp-json\/wp\/v2\/product_brand?post=526169"},{"taxonomy":"product_cat","embeddable":true,"href":"https:\/\/tilefly.com\/nl\/wp-json\/wp\/v2\/product_cat?post=526169"},{"taxonomy":"product_tag","embeddable":true,"href":"https:\/\/tilefly.com\/nl\/wp-json\/wp\/v2\/product_tag?post=526169"}],"curies":[{"name":"wp","href":"https:\/\/api.w.org\/{rel}","templated":true}]}}