{"id":521743,"date":"2023-02-03T14:18:04","date_gmt":"2023-02-03T13:18:04","guid":{"rendered":"https:\/\/tilefly.com\/producto\/elementi-pearl-mt-75x75-rect\/"},"modified":"2025-09-21T04:00:41","modified_gmt":"2025-09-21T02:00:41","slug":"elementi-pearl-mt-75x75-rect","status":"publish","type":"product","link":"https:\/\/tilefly.com\/nl\/product\/elementi-pearl-mt-75x75-rect\/","title":{"rendered":"ELEMENTI PEARL MT 75X75 RECT"},"content":{"rendered":"<h1><strong>Azulejo Porcel\u00e1nico Esmaltado Mate Elementi Pearl Mt 75X75 Rect<\/strong><\/h1><p>Este azulejo de la serie Elementi en formato 75X75 es un azulejo Porcel\u00e1nico Esmaltado Mate de color Perla en acabado Mate<\/p><h2>Serie Elementi<\/h2><p>La serie <a href=\"https:\/\/tilefly.com\/producto\/elementi\/\">Elementi<\/a> Est\u00e1 destinado a ser la piel por excelencia de los espacios contempor\u00e1neos. Este dise\u00f1o va mas all\u00e1 del tradicional efecto de hormig\u00f3n. A trav\u00e9s de la atenci\u00f3n en los detalles de la superficie y del destonificado de las piezas, se supera el minimalismo y se convierte en el protagonista de las miradas con una fuerte identidad.<\/p>","protected":false},"excerpt":{"rendered":"<p>Azulejo Porcel\u00e1nico Esmaltado Mate Elementi Pearl Mt 75X75 RectEste azulejo de la serie Elementi en formato 75X75 es un azulejo Porcel\u00e1nico Esmaltado Mate de color Perla en acabado MateSerie ElementiLa serie Elementi Est\u00e1 destinado a ser la piel por excelencia de los espacios contempor\u00e1neos. Este dise\u00f1o va mas all\u00e1 del tradicional efecto de hormig\u00f3n. A [&hellip;]<\/p>\n","protected":false},"featured_media":521731,"comment_status":"open","ping_status":"closed","template":"","meta":[],"product_brand":[],"product_cat":[561,562,563,564],"product_tag":[],"class_list":{"0":"post-521743","1":"product","2":"type-product","3":"status-publish","4":"has-post-thumbnail","6":"product_cat-vloertegels","7":"product_cat-badkamer-tegels","8":"product_cat-keuken-tegel","9":"product_cat-wandtegels","11":"first","12":"instock","13":"shipping-taxable","14":"purchasable","15":"product-type-simple"},"_links":{"self":[{"href":"https:\/\/tilefly.com\/nl\/wp-json\/wp\/v2\/product\/521743","targetHints":{"allow":["GET"]}}],"collection":[{"href":"https:\/\/tilefly.com\/nl\/wp-json\/wp\/v2\/product"}],"about":[{"href":"https:\/\/tilefly.com\/nl\/wp-json\/wp\/v2\/types\/product"}],"replies":[{"embeddable":true,"href":"https:\/\/tilefly.com\/nl\/wp-json\/wp\/v2\/comments?post=521743"}],"wp:featuredmedia":[{"embeddable":true,"href":"https:\/\/tilefly.com\/nl\/wp-json\/wp\/v2\/media\/521731"}],"wp:attachment":[{"href":"https:\/\/tilefly.com\/nl\/wp-json\/wp\/v2\/media?parent=521743"}],"wp:term":[{"taxonomy":"product_brand","embeddable":true,"href":"https:\/\/tilefly.com\/nl\/wp-json\/wp\/v2\/product_brand?post=521743"},{"taxonomy":"product_cat","embeddable":true,"href":"https:\/\/tilefly.com\/nl\/wp-json\/wp\/v2\/product_cat?post=521743"},{"taxonomy":"product_tag","embeddable":true,"href":"https:\/\/tilefly.com\/nl\/wp-json\/wp\/v2\/product_tag?post=521743"}],"curies":[{"name":"wp","href":"https:\/\/api.w.org\/{rel}","templated":true}]}}