{"id":521177,"date":"2023-01-26T09:17:13","date_gmt":"2023-01-26T08:17:13","guid":{"rendered":"https:\/\/tilefly.com\/producto\/austral-ivory-mt-75x75-rect\/"},"modified":"2024-05-06T21:51:00","modified_gmt":"2024-05-06T19:51:00","slug":"austral-ivory-mt-75x75-rect","status":"publish","type":"product","link":"https:\/\/tilefly.com\/nl\/product\/austral-ivory-mt-75x75-rect\/","title":{"rendered":"AUSTRAL IVORY MT 75X75 RECT"},"content":{"rendered":"<h1><strong>Azulejo Porcel\u00e1nico Esmaltado AUSTRAL IVORY MT 75X75 RECT<\/strong><\/h1><p>Este azulejo de la serie AUSTRAL en formato 75X75 es un azulejo Porcel\u00e1nico Esmaltado de color Marfil en acabado Mate<\/p><h2>Serie Austral<\/h2><p><a href='https:\/\/tilefly.com\/producto\/austral\/'>Austral<\/a> es una colecci\u00f3n que sorprende a la vista y al tacto, dotando de una nueva perspectiva al universo de las piedras en cer\u00e1mica. La elegancia recoge la est\u00e9tica gr\u00e1fica, de vetas ligeras que se mezclan en un fondo granulado sutil. La esencia y la sensaci\u00f3n de la arena se proponen mat\u00e9ricamente. Superficies y juegos de luz definen un concepto decorativo de superficies extraordinarias. Arm\u00f3nica y concreta, la tierra remite a un sentir personal y a la fuerza de la naturaleza, a trav\u00e9s de esta vers\u00e1til piedra de colores naturales.<\/p>","protected":false},"excerpt":{"rendered":"<p>Azulejo Porcel\u00e1nico Esmaltado AUSTRAL IVORY MT 75X75 RECTEste azulejo de la serie AUSTRAL en formato 75X75 es un azulejo Porcel\u00e1nico Esmaltado de color Marfil en acabado MateSerie AustralAustral es una colecci\u00f3n que sorprende a la vista y al tacto, dotando de una nueva perspectiva al universo de las piedras en cer\u00e1mica. La elegancia recoge la [&hellip;]<\/p>\n","protected":false},"featured_media":521165,"comment_status":"open","ping_status":"closed","template":"","meta":[],"product_brand":[],"product_cat":[303,305,306,304],"product_tag":[],"class_list":{"0":"post-521177","1":"product","2":"type-product","3":"status-publish","4":"has-post-thumbnail","6":"product_cat-baldosas","7":"product_cat-banos","8":"product_cat-cocina","9":"product_cat-revestimiento","11":"first","12":"instock","13":"shipping-taxable","14":"purchasable","15":"product-type-simple"},"_links":{"self":[{"href":"https:\/\/tilefly.com\/nl\/wp-json\/wp\/v2\/product\/521177","targetHints":{"allow":["GET"]}}],"collection":[{"href":"https:\/\/tilefly.com\/nl\/wp-json\/wp\/v2\/product"}],"about":[{"href":"https:\/\/tilefly.com\/nl\/wp-json\/wp\/v2\/types\/product"}],"replies":[{"embeddable":true,"href":"https:\/\/tilefly.com\/nl\/wp-json\/wp\/v2\/comments?post=521177"}],"wp:featuredmedia":[{"embeddable":true,"href":"https:\/\/tilefly.com\/nl\/wp-json\/wp\/v2\/media\/521165"}],"wp:attachment":[{"href":"https:\/\/tilefly.com\/nl\/wp-json\/wp\/v2\/media?parent=521177"}],"wp:term":[{"taxonomy":"product_brand","embeddable":true,"href":"https:\/\/tilefly.com\/nl\/wp-json\/wp\/v2\/product_brand?post=521177"},{"taxonomy":"product_cat","embeddable":true,"href":"https:\/\/tilefly.com\/nl\/wp-json\/wp\/v2\/product_cat?post=521177"},{"taxonomy":"product_tag","embeddable":true,"href":"https:\/\/tilefly.com\/nl\/wp-json\/wp\/v2\/product_tag?post=521177"}],"curies":[{"name":"wp","href":"https:\/\/api.w.org\/{rel}","templated":true}]}}