{"id":514392,"date":"2022-03-18T09:50:29","date_gmt":"2022-03-18T08:50:29","guid":{"rendered":"https:\/\/tilefly.com\/?post_type=product&#038;p=514392"},"modified":"2023-07-17T17:13:49","modified_gmt":"2023-07-17T15:13:49","slug":"calacatta-bianco-brillo-30x60","status":"publish","type":"product","link":"https:\/\/tilefly.com\/nl\/product\/calacatta-bianco-brillo-30x60\/","title":{"rendered":"CALACATTA BIANCO BRILLO 30X60"},"content":{"rendered":"<p>Revestimiento pasta blanca con formato 30&#215;60 en acabado brillo.<\/p><p>A juego se encuentra disponible el revestimiento decorado Calacatta Bianco Panal en formato 30&#215;60 en acabado brillo.<\/p><p>La elegancia de un cl\u00e1sico atemporal, el m\u00e1rmol, un cl\u00e1sico irremplazable en la historia del dise\u00f1o y el interiorismo.<\/p><p>Esta serie est\u00e1 disponible en acabado brillo y natural.<\/p>","protected":false},"excerpt":{"rendered":"<p>Revestimiento pasta blanca con formato 30&#215;60 en acabado brillo.A juego se encuentra disponible el revestimiento decorado Calacatta Bianco Panal en formato 30&#215;60 en acabado brillo.La elegancia de un cl\u00e1sico atemporal, el m\u00e1rmol, un cl\u00e1sico irremplazable en la historia del dise\u00f1o y el interiorismo.Esta serie est\u00e1 disponible en acabado brillo y natural.<\/p>\n","protected":false},"featured_media":514461,"comment_status":"closed","ping_status":"closed","template":"","meta":[],"product_brand":[],"product_cat":[305,306,304,307],"product_tag":[],"class_list":{"0":"post-514392","1":"product","2":"type-product","3":"status-publish","4":"has-post-thumbnail","6":"product_cat-banos","7":"product_cat-cocina","8":"product_cat-revestimiento","9":"product_cat-salon","11":"first","12":"outofstock","13":"shipping-taxable","14":"purchasable","15":"product-type-simple"},"_links":{"self":[{"href":"https:\/\/tilefly.com\/nl\/wp-json\/wp\/v2\/product\/514392","targetHints":{"allow":["GET"]}}],"collection":[{"href":"https:\/\/tilefly.com\/nl\/wp-json\/wp\/v2\/product"}],"about":[{"href":"https:\/\/tilefly.com\/nl\/wp-json\/wp\/v2\/types\/product"}],"replies":[{"embeddable":true,"href":"https:\/\/tilefly.com\/nl\/wp-json\/wp\/v2\/comments?post=514392"}],"wp:featuredmedia":[{"embeddable":true,"href":"https:\/\/tilefly.com\/nl\/wp-json\/wp\/v2\/media\/514461"}],"wp:attachment":[{"href":"https:\/\/tilefly.com\/nl\/wp-json\/wp\/v2\/media?parent=514392"}],"wp:term":[{"taxonomy":"product_brand","embeddable":true,"href":"https:\/\/tilefly.com\/nl\/wp-json\/wp\/v2\/product_brand?post=514392"},{"taxonomy":"product_cat","embeddable":true,"href":"https:\/\/tilefly.com\/nl\/wp-json\/wp\/v2\/product_cat?post=514392"},{"taxonomy":"product_tag","embeddable":true,"href":"https:\/\/tilefly.com\/nl\/wp-json\/wp\/v2\/product_tag?post=514392"}],"curies":[{"name":"wp","href":"https:\/\/api.w.org\/{rel}","templated":true}]}}