{"id":135838,"date":"2020-10-19T07:47:28","date_gmt":"2020-10-19T05:47:28","guid":{"rendered":"https:\/\/tilefly.com\/producto\/pavimento-porcelanico-white-20x20\/"},"modified":"2025-05-28T00:44:50","modified_gmt":"2025-05-27T22:44:50","slug":"pavimento-porcelanico-white-20x20","status":"publish","type":"product","link":"https:\/\/tilefly.com\/nl\/product\/pavimento-porcelanico-white-20x20\/","title":{"rendered":"WHITE 20X20"},"content":{"rendered":"<p>Azulejo en porcel\u00e1nico en tono blanco liso ideal para usar solo, combinado con el negro en forma de damero o decorado con las series de gr\u00e1fica geom\u00e9trica o de hidr\u00e1ulico. Esta serie es una excelente alternativa por sus altas prestaciones t\u00e9cnicas, ya que es muy f\u00e1cil de limpiar y muy resistente. Gracias a su clase 2 de deslizamiento, no solo es apto para interiores si no que tambi\u00e9n se puede colocar en patios, balcones, y locales p\u00fablicos.<\/p>","protected":false},"excerpt":{"rendered":"<p>Azulejo en porcel\u00e1nico en tono blanco liso ideal para usar solo, combinado con el negro en forma de damero o decorado con las series de gr\u00e1fica geom\u00e9trica o de hidr\u00e1ulico. Esta serie es una excelente alternativa por sus altas prestaciones t\u00e9cnicas, ya que es muy f\u00e1cil de limpiar y muy resistente. Gracias a su clase [&hellip;]<\/p>\n","protected":false},"featured_media":135840,"comment_status":"open","ping_status":"closed","template":"","meta":[],"product_brand":[],"product_cat":[303,307],"product_tag":[],"class_list":{"0":"post-135838","1":"product","2":"type-product","3":"status-publish","4":"has-post-thumbnail","6":"product_cat-baldosas","7":"product_cat-salon","9":"first","10":"instock","11":"shipping-taxable","12":"purchasable","13":"product-type-simple"},"_links":{"self":[{"href":"https:\/\/tilefly.com\/nl\/wp-json\/wp\/v2\/product\/135838","targetHints":{"allow":["GET"]}}],"collection":[{"href":"https:\/\/tilefly.com\/nl\/wp-json\/wp\/v2\/product"}],"about":[{"href":"https:\/\/tilefly.com\/nl\/wp-json\/wp\/v2\/types\/product"}],"replies":[{"embeddable":true,"href":"https:\/\/tilefly.com\/nl\/wp-json\/wp\/v2\/comments?post=135838"}],"wp:featuredmedia":[{"embeddable":true,"href":"https:\/\/tilefly.com\/nl\/wp-json\/wp\/v2\/media\/135840"}],"wp:attachment":[{"href":"https:\/\/tilefly.com\/nl\/wp-json\/wp\/v2\/media?parent=135838"}],"wp:term":[{"taxonomy":"product_brand","embeddable":true,"href":"https:\/\/tilefly.com\/nl\/wp-json\/wp\/v2\/product_brand?post=135838"},{"taxonomy":"product_cat","embeddable":true,"href":"https:\/\/tilefly.com\/nl\/wp-json\/wp\/v2\/product_cat?post=135838"},{"taxonomy":"product_tag","embeddable":true,"href":"https:\/\/tilefly.com\/nl\/wp-json\/wp\/v2\/product_tag?post=135838"}],"curies":[{"name":"wp","href":"https:\/\/api.w.org\/{rel}","templated":true}]}}