{"id":135494,"date":"2020-10-19T07:47:28","date_gmt":"2020-10-19T05:47:28","guid":{"rendered":"https:\/\/tilefly.com\/producto\/pavimento-porcelanico-sintra-20x20\/"},"modified":"2025-05-28T00:45:18","modified_gmt":"2025-05-27T22:45:18","slug":"pavimento-porcelanico-sintra-20x20","status":"publish","type":"product","link":"https:\/\/tilefly.com\/nl\/product\/pavimento-porcelanico-sintra-20x20\/","title":{"rendered":"SINTRA 20X20"},"content":{"rendered":"<p>Baldosa de porcel\u00e1nico imitaci\u00f3n de azulejo hidr\u00e1ulico de 20\u00d720, en un din\u00e1mico mosaico en tonos gris perla y azul.<\/p><p>DUNE presenta SAUDADE, una nueva propuesta basada en el colorido y las gr\u00e1ficas de los azulejos hidr\u00e1ulicos portugueses, en la que tradici\u00f3n y dise\u00f1o se a\u00fanan para ofrecer una colecci\u00f3n de suelos elegante y atemporal. Con altas prestaciones t\u00e9cnicas, es una opci\u00f3n resistente y muy f\u00e1cil de limpiar. Disponible en 4 colores para >usar solos o combinados. Su clase 2 de deslizamiento hace que se pueda colocar en interior y zonas exteriores como patios, balcones y terrazas comerciales.<\/p><p>Puedes emplear los mosaicos combin\u00e1ndolos con nuestras piezas SAUDADE en color PERLA, BLANCO, BERMELL\u00d3N y AZUL creando alfombras, ideales para aportar carisma y detalle a la estancia.<\/p>","protected":false},"excerpt":{"rendered":"<p>Baldosa de porcel\u00e1nico imitaci\u00f3n de azulejo hidr\u00e1ulico de 20\u00d720, en un din\u00e1mico mosaico en tonos gris perla y azul.DUNE presenta SAUDADE, una nueva propuesta basada en el colorido y las gr\u00e1ficas de los azulejos hidr\u00e1ulicos portugueses, en la que tradici\u00f3n y dise\u00f1o se a\u00fanan para ofrecer una colecci\u00f3n de suelos elegante y atemporal. Con altas [&hellip;]<\/p>\n","protected":false},"featured_media":135496,"comment_status":"open","ping_status":"closed","template":"","meta":[],"product_brand":[],"product_cat":[305,306,304],"product_tag":[],"class_list":{"0":"post-135494","1":"product","2":"type-product","3":"status-publish","4":"has-post-thumbnail","6":"product_cat-banos","7":"product_cat-cocina","8":"product_cat-revestimiento","10":"first","11":"outofstock","12":"shipping-taxable","13":"purchasable","14":"product-type-simple"},"_links":{"self":[{"href":"https:\/\/tilefly.com\/nl\/wp-json\/wp\/v2\/product\/135494","targetHints":{"allow":["GET"]}}],"collection":[{"href":"https:\/\/tilefly.com\/nl\/wp-json\/wp\/v2\/product"}],"about":[{"href":"https:\/\/tilefly.com\/nl\/wp-json\/wp\/v2\/types\/product"}],"replies":[{"embeddable":true,"href":"https:\/\/tilefly.com\/nl\/wp-json\/wp\/v2\/comments?post=135494"}],"wp:featuredmedia":[{"embeddable":true,"href":"https:\/\/tilefly.com\/nl\/wp-json\/wp\/v2\/media\/135496"}],"wp:attachment":[{"href":"https:\/\/tilefly.com\/nl\/wp-json\/wp\/v2\/media?parent=135494"}],"wp:term":[{"taxonomy":"product_brand","embeddable":true,"href":"https:\/\/tilefly.com\/nl\/wp-json\/wp\/v2\/product_brand?post=135494"},{"taxonomy":"product_cat","embeddable":true,"href":"https:\/\/tilefly.com\/nl\/wp-json\/wp\/v2\/product_cat?post=135494"},{"taxonomy":"product_tag","embeddable":true,"href":"https:\/\/tilefly.com\/nl\/wp-json\/wp\/v2\/product_tag?post=135494"}],"curies":[{"name":"wp","href":"https:\/\/api.w.org\/{rel}","templated":true}]}}