{"id":133566,"date":"2020-10-18T23:58:16","date_gmt":"2020-10-18T21:58:16","guid":{"rendered":"https:\/\/tilefly.com\/producto\/pavimento-ceramica-rodapie-diurne-sand-rec-95x60\/"},"modified":"2022-04-20T12:23:37","modified_gmt":"2022-04-20T10:23:37","slug":"pavimento-ceramica-rodapie-diurne-sand-rec-95x60","status":"publish","type":"product","link":"https:\/\/tilefly.com\/nl\/product\/pavimento-ceramica-rodapie-diurne-sand-rec-95x60\/","title":{"rendered":"RODAPIE DIURNE SAND REC 9,5X60"},"content":{"rendered":"<p>Rodapi\u00e9 que complementa el azulejo del mismo nombre, basado en la fusi\u00f3n del cemento envejecido con peque\u00f1as piedras<\/p>","protected":false},"excerpt":{"rendered":"<p>Rodapi\u00e9 que complementa el azulejo del mismo nombre, basado en la fusi\u00f3n del cemento envejecido con peque\u00f1as piedras<\/p>\n","protected":false},"featured_media":133568,"comment_status":"open","ping_status":"closed","template":"","meta":[],"product_brand":[],"product_cat":[353,354,355,356,357],"product_tag":[],"class_list":{"0":"post-133566","1":"product","2":"type-product","3":"status-publish","4":"has-post-thumbnail","6":"product_cat-carrelage","7":"product_cat-carrelage-salle-de-bain","8":"product_cat-cuisines","9":"product_cat-faiences","10":"product_cat-carrelage-salon","12":"first","13":"outofstock","14":"shipping-taxable","15":"purchasable","16":"product-type-simple"},"_links":{"self":[{"href":"https:\/\/tilefly.com\/nl\/wp-json\/wp\/v2\/product\/133566","targetHints":{"allow":["GET"]}}],"collection":[{"href":"https:\/\/tilefly.com\/nl\/wp-json\/wp\/v2\/product"}],"about":[{"href":"https:\/\/tilefly.com\/nl\/wp-json\/wp\/v2\/types\/product"}],"replies":[{"embeddable":true,"href":"https:\/\/tilefly.com\/nl\/wp-json\/wp\/v2\/comments?post=133566"}],"wp:featuredmedia":[{"embeddable":true,"href":"https:\/\/tilefly.com\/nl\/wp-json\/wp\/v2\/media\/133568"}],"wp:attachment":[{"href":"https:\/\/tilefly.com\/nl\/wp-json\/wp\/v2\/media?parent=133566"}],"wp:term":[{"taxonomy":"product_brand","embeddable":true,"href":"https:\/\/tilefly.com\/nl\/wp-json\/wp\/v2\/product_brand?post=133566"},{"taxonomy":"product_cat","embeddable":true,"href":"https:\/\/tilefly.com\/nl\/wp-json\/wp\/v2\/product_cat?post=133566"},{"taxonomy":"product_tag","embeddable":true,"href":"https:\/\/tilefly.com\/nl\/wp-json\/wp\/v2\/product_tag?post=133566"}],"curies":[{"name":"wp","href":"https:\/\/api.w.org\/{rel}","templated":true}]}}