{"id":133534,"date":"2020-10-18T23:58:16","date_gmt":"2020-10-18T21:58:16","guid":{"rendered":"https:\/\/tilefly.com\/producto\/pavimento-porcelanico-rodapie-berlin-grey-rec-8x75\/"},"modified":"2022-04-20T12:23:28","modified_gmt":"2022-04-20T10:23:28","slug":"pavimento-porcelanico-rodapie-berlin-grey-rec-8x75","status":"publish","type":"product","link":"https:\/\/tilefly.com\/nl\/product\/pavimento-porcelanico-rodapie-berlin-grey-rec-8x75\/","title":{"rendered":"RODAPIE BERLIN GREY REC 8X75"},"content":{"rendered":"<p>Rodapi\u00e9 de porcel\u00e1nico imitaci\u00f3n cemento en 8\u00d775. Complementa el azulejo del mismo nombre, con aspecto de cemento aguado, ligeramente destonificado.<br \/>DUNE presenta BERLIN, la nueva serie donde el concepto cemento se reinventa con m\u00faltiples propuestas de formatos, colores y complementos pensados para combinarse entre s\u00ed. <\/p><p>porcel\u00e1nico<br \/>interior y exterior<br \/>resistente y f\u00e1cil de mantener <\/p>","protected":false},"excerpt":{"rendered":"<p>Rodapi\u00e9 de porcel\u00e1nico imitaci\u00f3n cemento en 8\u00d775. Complementa el azulejo del mismo nombre, con aspecto de cemento aguado, ligeramente destonificado.DUNE presenta BERLIN, la nueva serie donde el concepto cemento se reinventa con m\u00faltiples propuestas de formatos, colores y complementos pensados para combinarse entre s\u00ed. porcel\u00e1nicointerior y exteriorresistente y f\u00e1cil de mantener<\/p>\n","protected":false},"featured_media":133536,"comment_status":"open","ping_status":"closed","template":"","meta":[],"product_brand":[],"product_cat":[846,866],"product_tag":[],"class_list":{"0":"post-133534","1":"product","2":"type-product","3":"status-publish","4":"has-post-thumbnail","6":"product_cat-piastrelle","7":"product_cat-salotto","9":"first","10":"outofstock","11":"shipping-taxable","12":"purchasable","13":"product-type-simple"},"_links":{"self":[{"href":"https:\/\/tilefly.com\/nl\/wp-json\/wp\/v2\/product\/133534","targetHints":{"allow":["GET"]}}],"collection":[{"href":"https:\/\/tilefly.com\/nl\/wp-json\/wp\/v2\/product"}],"about":[{"href":"https:\/\/tilefly.com\/nl\/wp-json\/wp\/v2\/types\/product"}],"replies":[{"embeddable":true,"href":"https:\/\/tilefly.com\/nl\/wp-json\/wp\/v2\/comments?post=133534"}],"wp:featuredmedia":[{"embeddable":true,"href":"https:\/\/tilefly.com\/nl\/wp-json\/wp\/v2\/media\/133536"}],"wp:attachment":[{"href":"https:\/\/tilefly.com\/nl\/wp-json\/wp\/v2\/media?parent=133534"}],"wp:term":[{"taxonomy":"product_brand","embeddable":true,"href":"https:\/\/tilefly.com\/nl\/wp-json\/wp\/v2\/product_brand?post=133534"},{"taxonomy":"product_cat","embeddable":true,"href":"https:\/\/tilefly.com\/nl\/wp-json\/wp\/v2\/product_cat?post=133534"},{"taxonomy":"product_tag","embeddable":true,"href":"https:\/\/tilefly.com\/nl\/wp-json\/wp\/v2\/product_tag?post=133534"}],"curies":[{"name":"wp","href":"https:\/\/api.w.org\/{rel}","templated":true}]}}