{"id":133510,"date":"2020-10-18T23:58:16","date_gmt":"2020-10-18T21:58:16","guid":{"rendered":"https:\/\/tilefly.com\/producto\/revestimiento-ceramica-relieve-karakter-75x30\/"},"modified":"2022-09-01T21:12:06","modified_gmt":"2022-09-01T19:12:06","slug":"revestimiento-ceramica-relieve-karakter-75x30","status":"publish","type":"product","link":"https:\/\/tilefly.com\/nl\/product\/revestimiento-ceramica-relieve-karakter-75x30\/","title":{"rendered":"RELIEVE KARAKTER 7,5X30"},"content":{"rendered":"<p>Relieve con una peque\u00f1a y sencilla geometr\u00eda para combinar y destacar zonas decoradas con el azulejo del mismo nombre. Una opci\u00f3n decorativa en peque\u00f1o formato, muy de tendencia en este momento.<\/p>","protected":false},"excerpt":{"rendered":"<p>Relieve con una peque\u00f1a y sencilla geometr\u00eda para combinar y destacar zonas decoradas con el azulejo del mismo nombre. Una opci\u00f3n decorativa en peque\u00f1o formato, muy de tendencia en este momento.<\/p>\n","protected":false},"featured_media":133512,"comment_status":"open","ping_status":"closed","template":"","meta":[],"product_brand":[],"product_cat":[847,848,827],"product_tag":[],"class_list":{"0":"post-133510","1":"product","2":"type-product","3":"status-publish","4":"has-post-thumbnail","6":"product_cat-bagni","7":"product_cat-cucine","8":"product_cat-rivestimento","10":"first","11":"instock","12":"shipping-taxable","13":"purchasable","14":"product-type-simple"},"_links":{"self":[{"href":"https:\/\/tilefly.com\/nl\/wp-json\/wp\/v2\/product\/133510","targetHints":{"allow":["GET"]}}],"collection":[{"href":"https:\/\/tilefly.com\/nl\/wp-json\/wp\/v2\/product"}],"about":[{"href":"https:\/\/tilefly.com\/nl\/wp-json\/wp\/v2\/types\/product"}],"replies":[{"embeddable":true,"href":"https:\/\/tilefly.com\/nl\/wp-json\/wp\/v2\/comments?post=133510"}],"wp:featuredmedia":[{"embeddable":true,"href":"https:\/\/tilefly.com\/nl\/wp-json\/wp\/v2\/media\/133512"}],"wp:attachment":[{"href":"https:\/\/tilefly.com\/nl\/wp-json\/wp\/v2\/media?parent=133510"}],"wp:term":[{"taxonomy":"product_brand","embeddable":true,"href":"https:\/\/tilefly.com\/nl\/wp-json\/wp\/v2\/product_brand?post=133510"},{"taxonomy":"product_cat","embeddable":true,"href":"https:\/\/tilefly.com\/nl\/wp-json\/wp\/v2\/product_cat?post=133510"},{"taxonomy":"product_tag","embeddable":true,"href":"https:\/\/tilefly.com\/nl\/wp-json\/wp\/v2\/product_tag?post=133510"}],"curies":[{"name":"wp","href":"https:\/\/api.w.org\/{rel}","templated":true}]}}