{"id":133400,"date":"2020-10-18T23:58:16","date_gmt":"2020-10-18T21:58:16","guid":{"rendered":"https:\/\/tilefly.com\/producto\/revestimiento-cristal-portland-deluxe-75x30\/"},"modified":"2025-05-28T00:45:13","modified_gmt":"2025-05-27T22:45:13","slug":"revestimiento-cristal-portland-deluxe-75x30","status":"publish","type":"product","link":"https:\/\/tilefly.com\/nl\/product\/revestimiento-cristal-portland-deluxe-75x30\/","title":{"rendered":"PORTLAND DELUXE 7,5X30"},"content":{"rendered":"<p>Peque\u00f1a joya en cristal fundido y decorado de manera artesanal, con la t\u00e9cnica de los antiguos espejos venecianos. Cada pieza es \u00fanica e irrepetible. Solo o combinado con azulejos en su mismo formato, llena de belleza y distinci\u00f3n cualquier entorno.<\/p>","protected":false},"excerpt":{"rendered":"<p>Peque\u00f1a joya en cristal fundido y decorado de manera artesanal, con la t\u00e9cnica de los antiguos espejos venecianos. Cada pieza es \u00fanica e irrepetible. Solo o combinado con azulejos en su mismo formato, llena de belleza y distinci\u00f3n cualquier entorno.<\/p>\n","protected":false},"featured_media":133402,"comment_status":"open","ping_status":"closed","template":"","meta":[],"product_brand":[],"product_cat":[305,306,304],"product_tag":[],"class_list":{"0":"post-133400","1":"product","2":"type-product","3":"status-publish","4":"has-post-thumbnail","6":"product_cat-banos","7":"product_cat-cocina","8":"product_cat-revestimiento","10":"first","11":"instock","12":"shipping-taxable","13":"purchasable","14":"product-type-simple"},"_links":{"self":[{"href":"https:\/\/tilefly.com\/nl\/wp-json\/wp\/v2\/product\/133400","targetHints":{"allow":["GET"]}}],"collection":[{"href":"https:\/\/tilefly.com\/nl\/wp-json\/wp\/v2\/product"}],"about":[{"href":"https:\/\/tilefly.com\/nl\/wp-json\/wp\/v2\/types\/product"}],"replies":[{"embeddable":true,"href":"https:\/\/tilefly.com\/nl\/wp-json\/wp\/v2\/comments?post=133400"}],"wp:featuredmedia":[{"embeddable":true,"href":"https:\/\/tilefly.com\/nl\/wp-json\/wp\/v2\/media\/133402"}],"wp:attachment":[{"href":"https:\/\/tilefly.com\/nl\/wp-json\/wp\/v2\/media?parent=133400"}],"wp:term":[{"taxonomy":"product_brand","embeddable":true,"href":"https:\/\/tilefly.com\/nl\/wp-json\/wp\/v2\/product_brand?post=133400"},{"taxonomy":"product_cat","embeddable":true,"href":"https:\/\/tilefly.com\/nl\/wp-json\/wp\/v2\/product_cat?post=133400"},{"taxonomy":"product_tag","embeddable":true,"href":"https:\/\/tilefly.com\/nl\/wp-json\/wp\/v2\/product_tag?post=133400"}],"curies":[{"name":"wp","href":"https:\/\/api.w.org\/{rel}","templated":true}]}}