{"id":133278,"date":"2020-10-18T23:58:16","date_gmt":"2020-10-18T21:58:16","guid":{"rendered":"https:\/\/tilefly.com\/producto\/revestimiento-porcelanico-notre-dame-147x147\/"},"modified":"2025-05-28T00:44:58","modified_gmt":"2025-05-27T22:44:58","slug":"revestimiento-porcelanico-notre-dame-147x147","status":"publish","type":"product","link":"https:\/\/tilefly.com\/nl\/product\/revestimiento-porcelanico-notre-dame-147x147\/","title":{"rendered":"NOTRE DAME 14,7X14,7"},"content":{"rendered":"<p>Baldosa decorada de porcel\u00e1nico en 14,7\u00d714,7. Composici\u00f3n de 6 dise\u00f1os con motivos geom\u00e9tricos en gris oscuro y metal, sobre un fondo blanco mate. Con textura irregular que reproduce las imperfecciones del barro artesanal.<br \/>DUNE presenta BERLIN, la nueva serie donde el concepto cemento se reinventa con m\u00faltiples propuestas de formatos, colores y complementos pensados para combinarse entre s\u00ed. <\/p><p>El azulejo en peque\u00f1o formato es una opci\u00f3n ideal para aportar un aspecto acogedor y c\u00e1lido a cualquier estancia. <\/p><p>Notre-Dame es nuestro particular homenaje a esta bella catedral, cuyos ornamentos han inspirado este dise\u00f1o.<\/p><p>suelo y pared<br \/>porcel\u00e1nico<br \/>interior y exterior<br \/>resistente y f\u00e1cil de mantener <\/p>","protected":false},"excerpt":{"rendered":"<p>Baldosa decorada de porcel\u00e1nico en 14,7\u00d714,7. Composici\u00f3n de 6 dise\u00f1os con motivos geom\u00e9tricos en gris oscuro y metal, sobre un fondo blanco mate. Con textura irregular que reproduce las imperfecciones del barro artesanal.DUNE presenta BERLIN, la nueva serie donde el concepto cemento se reinventa con m\u00faltiples propuestas de formatos, colores y complementos pensados para combinarse [&hellip;]<\/p>\n","protected":false},"featured_media":133280,"comment_status":"open","ping_status":"closed","template":"","meta":[],"product_brand":[],"product_cat":[305,306,304],"product_tag":[],"class_list":{"0":"post-133278","1":"product","2":"type-product","3":"status-publish","4":"has-post-thumbnail","6":"product_cat-banos","7":"product_cat-cocina","8":"product_cat-revestimiento","10":"first","11":"instock","12":"shipping-taxable","13":"purchasable","14":"product-type-simple"},"_links":{"self":[{"href":"https:\/\/tilefly.com\/nl\/wp-json\/wp\/v2\/product\/133278","targetHints":{"allow":["GET"]}}],"collection":[{"href":"https:\/\/tilefly.com\/nl\/wp-json\/wp\/v2\/product"}],"about":[{"href":"https:\/\/tilefly.com\/nl\/wp-json\/wp\/v2\/types\/product"}],"replies":[{"embeddable":true,"href":"https:\/\/tilefly.com\/nl\/wp-json\/wp\/v2\/comments?post=133278"}],"wp:featuredmedia":[{"embeddable":true,"href":"https:\/\/tilefly.com\/nl\/wp-json\/wp\/v2\/media\/133280"}],"wp:attachment":[{"href":"https:\/\/tilefly.com\/nl\/wp-json\/wp\/v2\/media?parent=133278"}],"wp:term":[{"taxonomy":"product_brand","embeddable":true,"href":"https:\/\/tilefly.com\/nl\/wp-json\/wp\/v2\/product_brand?post=133278"},{"taxonomy":"product_cat","embeddable":true,"href":"https:\/\/tilefly.com\/nl\/wp-json\/wp\/v2\/product_cat?post=133278"},{"taxonomy":"product_tag","embeddable":true,"href":"https:\/\/tilefly.com\/nl\/wp-json\/wp\/v2\/product_tag?post=133278"}],"curies":[{"name":"wp","href":"https:\/\/api.w.org\/{rel}","templated":true}]}}