{"id":124435,"date":"2020-10-16T07:46:07","date_gmt":"2020-10-16T05:46:07","guid":{"rendered":"https:\/\/tilefly.com\/producto\/revestimiento-porcelanico-marina-147x147\/"},"modified":"2025-04-04T15:42:47","modified_gmt":"2025-04-04T13:42:47","slug":"revestimiento-porcelanico-marina-147x147","status":"publish","type":"product","link":"https:\/\/tilefly.com\/nl\/product\/revestimiento-porcelanico-marina-147x147\/","title":{"rendered":"MARINA 14,7X14,7"},"content":{"rendered":"<p>Baldosa decorada de porcel\u00e1nico en 14,7\u00d714,7. Su dise\u00f1o geom\u00e9trico de escamas que permiten una composici\u00f3n infinita. Con textura irregular que reproduce las imperfecciones del barro artesanal.<br \/>DUNE presenta BERLIN, la nueva serie donde el concepto cemento se reinventa con m\u00faltiples propuestas de formatos, colores y complementos pensados para combinarse entre s\u00ed.<\/p><p>El azulejo en peque\u00f1o formato es una opci\u00f3n ideal para aportar un aspecto acogedor y c\u00e1lido a cualquier estancia.<\/p><p>MARINA destaca por su sencillez: unas escamas sobre fondo blanco, salpicadas con grafito y aguamarina son suficientes para los proyectos m\u00e1s originales.<\/p><p>suelo y pared<br \/>porcel\u00e1nico<br \/>interior y exterior<br \/>resistente y f\u00e1cil de mantener<\/p>","protected":false},"excerpt":{"rendered":"<p>Baldosa decorada de porcel\u00e1nico en 14,7\u00d714,7. Su dise\u00f1o geom\u00e9trico de escamas que permiten una composici\u00f3n infinita. Con textura irregular que reproduce las imperfecciones del barro artesanal.DUNE presenta BERLIN, la nueva serie donde el concepto cemento se reinventa con m\u00faltiples propuestas de formatos, colores y complementos pensados para combinarse entre s\u00ed.El azulejo en peque\u00f1o formato es [&hellip;]<\/p>\n","protected":false},"featured_media":124437,"comment_status":"open","ping_status":"closed","template":"","meta":[],"product_brand":[],"product_cat":[457,458,459],"product_tag":[],"class_list":{"0":"post-124435","1":"product","2":"type-product","3":"status-publish","4":"has-post-thumbnail","6":"product_cat-badezimmer","7":"product_cat-kuchen","8":"product_cat-wandfliesen","10":"first","11":"instock","12":"shipping-taxable","13":"purchasable","14":"product-type-simple"},"_links":{"self":[{"href":"https:\/\/tilefly.com\/nl\/wp-json\/wp\/v2\/product\/124435","targetHints":{"allow":["GET"]}}],"collection":[{"href":"https:\/\/tilefly.com\/nl\/wp-json\/wp\/v2\/product"}],"about":[{"href":"https:\/\/tilefly.com\/nl\/wp-json\/wp\/v2\/types\/product"}],"replies":[{"embeddable":true,"href":"https:\/\/tilefly.com\/nl\/wp-json\/wp\/v2\/comments?post=124435"}],"wp:featuredmedia":[{"embeddable":true,"href":"https:\/\/tilefly.com\/nl\/wp-json\/wp\/v2\/media\/124437"}],"wp:attachment":[{"href":"https:\/\/tilefly.com\/nl\/wp-json\/wp\/v2\/media?parent=124435"}],"wp:term":[{"taxonomy":"product_brand","embeddable":true,"href":"https:\/\/tilefly.com\/nl\/wp-json\/wp\/v2\/product_brand?post=124435"},{"taxonomy":"product_cat","embeddable":true,"href":"https:\/\/tilefly.com\/nl\/wp-json\/wp\/v2\/product_cat?post=124435"},{"taxonomy":"product_tag","embeddable":true,"href":"https:\/\/tilefly.com\/nl\/wp-json\/wp\/v2\/product_tag?post=124435"}],"curies":[{"name":"wp","href":"https:\/\/api.w.org\/{rel}","templated":true}]}}